{"id":967,"date":"2018-02-12T14:30:39","date_gmt":"2018-02-12T13:30:39","guid":{"rendered":"http:\/\/wp.syxago.fr\/bastidedespins-vence.com\/?page_id=967"},"modified":"2024-03-15T08:34:23","modified_gmt":"2024-03-15T07:34:23","slug":"reserver","status":"publish","type":"page","link":"https:\/\/www.bastidedespins-vence.com\/en\/reserver\/","title":{"rendered":"To Book"},"content":{"rendered":"<div class=\"wpb-content-wrapper\"><p>[vc_row type=&#8221;vc_default&#8221; full_width=&#8221;stretch_row&#8221; full_height=&#8221;yes&#8221; bg_type=&#8221;image&#8221; parallax_style=&#8221;vcpb-vz-jquery&#8221; bg_image_new=&#8221;id^1293|url^https:\/\/www.bastidedespins-vence.com\/wp-content\/uploads\/2019\/01\/bastide-des-pins-vence-reserver.jpg|caption^null|alt^null|title^bastide-des-pins-vence-reserver|description^null&#8221; bg_image_repeat=&#8221;no-repeat&#8221; parallax_sense=&#8221;30&#8243; bg_override=&#8221;full&#8221; disable_on_mobile_img_parallax=&#8221;disable_on_mobile_img_parallax_value&#8221; css=&#8221;.vc_custom_1549278170157{margin-top: -60px !important;margin-bottom: -60px !important;}&#8221;][vc_column][vc_empty_space height=&#8221;150px&#8221;]<div id=\"ultimate-heading-933769e0aca161982\" class=\"uvc-heading ult-adjust-bottom-margin ultimate-heading-933769e0aca161982 uvc-7912 \" data-hspacer=\"no_spacer\"  data-halign=\"center\" style=\"text-align:center\"><div class=\"uvc-heading-spacer no_spacer\" style=\"top\"><\/div><div class=\"uvc-main-heading ult-responsive\"  data-ultimate-target='.uvc-heading.ultimate-heading-933769e0aca161982 h2'  data-responsive-json-new='{\"font-size\":\"desktop:60px;tablet:45px;tablet_portrait:40px;mobile_landscape:35px;mobile:30px;\",\"line-height\":\"desktop:60px;tablet:45px;tablet_portrait:40px;mobile_landscape:35px;mobile:30px;\"}' ><h2 style=\"font-family:&#039;Great Vibes&#039;;--font-weight:theme;color:#ffffff;margin-bottom:30px;\">Inquiries<\/h2><\/div><\/div>[vc_column_text]<\/p>\n<p style=\"text-align: center;\"><span style=\"color: #ffffff;\">Get commission-free special rates by booking your holiday direct with us. Thanks to this direct contact we can respond to all your wishes and all your questions.<\/span><\/p>\n<p>[\/vc_column_text]\n<div class=\"wpcf7 no-js\" id=\"wpcf7-f1372-o2\" lang=\"fr-FR\" dir=\"ltr\" data-wpcf7-id=\"1372\">\n<div class=\"screen-reader-response\"><p role=\"status\" aria-live=\"polite\" aria-atomic=\"true\"><\/p> <ul><\/ul><\/div>\n<form action=\"\/en\/wp-json\/wp\/v2\/pages\/967#wpcf7-f1372-o2\" method=\"post\" class=\"wpcf7-form init\" aria-label=\"Formulaire de contact\" novalidate=\"novalidate\" data-status=\"init\">\n<fieldset class=\"hidden-fields-container\"><input type=\"hidden\" name=\"_wpcf7\" value=\"1372\" \/><input type=\"hidden\" name=\"_wpcf7_version\" value=\"6.1.5\" \/><input type=\"hidden\" name=\"_wpcf7_locale\" value=\"fr_FR\" \/><input type=\"hidden\" name=\"_wpcf7_unit_tag\" value=\"wpcf7-f1372-o2\" \/><input type=\"hidden\" name=\"_wpcf7_container_post\" value=\"0\" \/><input type=\"hidden\" name=\"_wpcf7_posted_data_hash\" value=\"\" \/>\n<\/fieldset>\n<div class=\"longform\">\n\t<p><label  style=\"color:white;\"> Name<br \/>\n<span class=\"wpcf7-form-control-wrap\" data-name=\"your-name\"><input size=\"40\" maxlength=\"400\" class=\"wpcf7-form-control wpcf7-text wpcf7-validates-as-required\" aria-required=\"true\" aria-invalid=\"false\" value=\"\" type=\"text\" name=\"your-name\" \/><\/span> <\/label>\n\t<\/p>\n\t<p><label  style=\"color:white;\"> Email<br \/>\n<span class=\"wpcf7-form-control-wrap\" data-name=\"your-email\"><input size=\"40\" maxlength=\"400\" class=\"wpcf7-form-control wpcf7-email wpcf7-validates-as-required wpcf7-text wpcf7-validates-as-email\" aria-required=\"true\" aria-invalid=\"false\" value=\"\" type=\"email\" name=\"your-email\" \/><\/span> <\/label>\n\t<\/p>\n\t<p><label style=\"color:white;\">Address<br \/>\n<span class=\"wpcf7-form-control-wrap\" data-name=\"text-575\"><input size=\"40\" maxlength=\"400\" class=\"wpcf7-form-control wpcf7-text\" aria-invalid=\"false\" value=\"\" type=\"text\" name=\"text-575\" \/><\/span><\/label>\n\t<\/p>\n\t<p><label style=\"color:white;\">Phone number<br \/>\n<span class=\"wpcf7-form-control-wrap\" data-name=\"text-576\"><input size=\"40\" maxlength=\"400\" class=\"wpcf7-form-control wpcf7-text\" aria-invalid=\"false\" value=\"\" type=\"text\" name=\"text-576\" \/><\/span><\/label>\n\t<\/p>\n<\/div>\n<div class=\"longform\">\n\t<p><label  style=\"color:white;\"> Check-in date<br \/>\n<span class=\"wpcf7-form-control-wrap\" data-name=\"date-93\"><input class=\"wpcf7-form-control wpcf7-date wpcf7-validates-as-required wpcf7-validates-as-date\" min=\"2018-02-13\" max=\"2030-01-01\" aria-required=\"true\" aria-invalid=\"false\" value=\"\" type=\"date\" name=\"date-93\" \/><\/span><\/label><br \/>\n<label  style=\"color:white;\"> Check-out date<br \/>\n<span class=\"wpcf7-form-control-wrap\" data-name=\"date-94\"><input class=\"wpcf7-form-control wpcf7-date wpcf7-validates-as-required wpcf7-validates-as-date\" min=\"2018-02-13\" max=\"2030-01-01\" aria-required=\"true\" aria-invalid=\"false\" value=\"\" type=\"date\" name=\"date-94\" \/><\/span><\/label>\n\t<\/p>\n\t<p><label  style=\"color:white;\">How many adults<br \/>\n<span class=\"wpcf7-form-control-wrap\" data-name=\"number-193\"><input class=\"wpcf7-form-control wpcf7-number wpcf7-validates-as-required wpcf7-validates-as-number\" min=\"1\" max=\"10\" aria-required=\"true\" aria-invalid=\"false\" value=\"\" type=\"number\" name=\"number-193\" \/><\/span><\/label>\n\t<\/p>\n\t<p><label  style=\"color:white;\">How many children<br \/>\n<span class=\"wpcf7-form-control-wrap\" data-name=\"number-986\"><input class=\"wpcf7-form-control wpcf7-number wpcf7-validates-as-number\" min=\"0\" max=\"10\" aria-invalid=\"false\" value=\"\" type=\"number\" name=\"number-986\" \/><\/span><\/label>\n\t<\/p>\n<\/div>\n<div class=\"longform\">\n\t<p><label  style=\"color:white;\"> Message<br \/>\n<span class=\"wpcf7-form-control-wrap\" data-name=\"textarea-687\"><textarea cols=\"40\" rows=\"4\" maxlength=\"2000\" class=\"wpcf7-form-control wpcf7-textarea\" aria-invalid=\"false\" name=\"textarea-687\"><\/textarea><\/span><\/label>\n\t<\/p>\n\t<div style=\"padding-top:19px;\">\n\t<div class=\"wpcf7-turnstile cf-turnstile\" data-sitekey=\"0x4AAAAAABBlAuK_OmzFp6HP\" data-response-field-name=\"_wpcf7_turnstile_response\"><\/div>\n\t\t<p><input class=\"wpcf7-form-control wpcf7-submit has-spinner\" type=\"submit\" value=\"Send\" \/>\n\t\t<\/p>\n\t<\/div>\n<\/div><div class=\"wpcf7-response-output\" aria-hidden=\"true\"><\/div>\n<\/form>\n<\/div>\n[\/vc_column][\/vc_row][vc_row][vc_column][\/vc_column][\/vc_row]<\/p>\n<\/div>","protected":false},"excerpt":{"rendered":"<p>[vc_row type=&#8221;vc_default&#8221; full_width=&#8221;stretch_row&#8221; full_height=&#8221;yes&#8221; bg_type=&#8221;image&#8221; parallax_style=&#8221;vcpb-vz-jquery&#8221; bg_image_new=&#8221;id^1293|url^https:\/\/www.bastidedespins-vence.com\/wp-content\/uploads\/2019\/01\/bastide-des-pins-vence-reserver.jpg|caption^null|alt^null|title^bastide-des-pins-vence-reserver|description^null&#8221; bg_image_repeat=&#8221;no-repeat&#8221; parallax_sense=&#8221;30&#8243; bg_override=&#8221;full&#8221; disable_on_mobile_img_parallax=&#8221;disable_on_mobile_img_parallax_value&#8221; css=&#8221;.vc_custom_1549278170157{margin-top: -60px !important;margin-bottom: -60px !important;}&#8221;][vc_column][vc_empty_space height=&#8221;150px&#8221;][vc_column_text] Get commission-free special rates by booking your holiday direct with us. Thanks to this direct contact we can respond to all your wishes and all your questions. [\/vc_column_text][\/vc_column][\/vc_row][vc_row][vc_column][\/vc_column][\/vc_row]<\/p>\n","protected":false},"author":1,"featured_media":0,"parent":0,"menu_order":0,"comment_status":"closed","ping_status":"closed","template":"","meta":{"footnotes":""},"class_list":["post-967","page","type-page","status-publish","hentry","description-off"],"yoast_head":"<!-- This site is optimized with the Yoast SEO plugin v27.4 - https:\/\/yoast.com\/product\/yoast-seo-wordpress\/ -->\n<title>To Book - La Bastide des Pins<\/title>\n<meta name=\"robots\" content=\"index, follow, max-snippet:-1, max-image-preview:large, max-video-preview:-1\" \/>\n<link rel=\"canonical\" href=\"https:\/\/www.bastidedespins-vence.com\/en\/reserver\/\" \/>\n<meta property=\"og:locale\" content=\"en_US\" \/>\n<meta property=\"og:type\" content=\"article\" \/>\n<meta property=\"og:title\" content=\"To Book - La Bastide des Pins\" \/>\n<meta property=\"og:description\" content=\"[vc_row type=&#8221;vc_default&#8221; full_width=&#8221;stretch_row&#8221; full_height=&#8221;yes&#8221; bg_type=&#8221;image&#8221; parallax_style=&#8221;vcpb-vz-jquery&#8221; bg_image_new=&#8221;id^1293|url^https:\/\/www.bastidedespins-vence.com\/wp-content\/uploads\/2019\/01\/bastide-des-pins-vence-reserver.jpg|caption^null|alt^null|title^bastide-des-pins-vence-reserver|description^null&#8221; bg_image_repeat=&#8221;no-repeat&#8221; parallax_sense=&#8221;30&#8243; bg_override=&#8221;full&#8221; disable_on_mobile_img_parallax=&#8221;disable_on_mobile_img_parallax_value&#8221; css=&#8221;.vc_custom_1549278170157{margin-top: -60px !important;margin-bottom: -60px !important;}&#8221;][vc_column][vc_empty_space height=&#8221;150px&#8221;][vc_column_text] Get commission-free special rates by booking your holiday direct with us. Thanks to this direct contact we can respond to all your wishes and all your questions. [\/vc_column_text][\/vc_column][\/vc_row][vc_row][vc_column][\/vc_column][\/vc_row]\" \/>\n<meta property=\"og:url\" content=\"https:\/\/www.bastidedespins-vence.com\/en\/reserver\/\" \/>\n<meta property=\"og:site_name\" content=\"La Bastide des Pins\" \/>\n<meta property=\"article:modified_time\" content=\"2024-03-15T07:34:23+00:00\" \/>\n<meta name=\"twitter:card\" content=\"summary_large_image\" \/>\n<meta name=\"twitter:label1\" content=\"Est. reading time\" \/>\n\t<meta name=\"twitter:data1\" content=\"1 minute\" \/>\n<script type=\"application\/ld+json\" class=\"yoast-schema-graph\">{\"@context\":\"https:\\\/\\\/schema.org\",\"@graph\":[{\"@type\":\"WebPage\",\"@id\":\"https:\\\/\\\/www.bastidedespins-vence.com\\\/en\\\/reserver\\\/\",\"url\":\"https:\\\/\\\/www.bastidedespins-vence.com\\\/en\\\/reserver\\\/\",\"name\":\"To Book - La Bastide des Pins\",\"isPartOf\":{\"@id\":\"https:\\\/\\\/www.bastidedespins-vence.com\\\/en\\\/#website\"},\"datePublished\":\"2018-02-12T13:30:39+00:00\",\"dateModified\":\"2024-03-15T07:34:23+00:00\",\"breadcrumb\":{\"@id\":\"https:\\\/\\\/www.bastidedespins-vence.com\\\/en\\\/reserver\\\/#breadcrumb\"},\"inLanguage\":\"en-US\",\"potentialAction\":[{\"@type\":\"ReadAction\",\"target\":[[\"https:\\\/\\\/www.bastidedespins-vence.com\\\/en\\\/reserver\\\/\"]]}]},{\"@type\":\"BreadcrumbList\",\"@id\":\"https:\\\/\\\/www.bastidedespins-vence.com\\\/en\\\/reserver\\\/#breadcrumb\",\"itemListElement\":[{\"@type\":\"ListItem\",\"position\":1,\"name\":\"Accueil\",\"item\":\"https:\\\/\\\/www.bastidedespins-vence.com\\\/en\\\/\"},{\"@type\":\"ListItem\",\"position\":2,\"name\":\"R\u00e9server\"}]},{\"@type\":\"WebSite\",\"@id\":\"https:\\\/\\\/www.bastidedespins-vence.com\\\/en\\\/#website\",\"url\":\"https:\\\/\\\/www.bastidedespins-vence.com\\\/en\\\/\",\"name\":\"La Bastide des Pins\",\"description\":\"G\u00eete &amp; Chambres d&#039;H\u00f4tes \u00e0 Vence sur la C\u00f4te d&#039;Azur\",\"potentialAction\":[{\"@type\":\"SearchAction\",\"target\":{\"@type\":\"EntryPoint\",\"urlTemplate\":\"https:\\\/\\\/www.bastidedespins-vence.com\\\/en\\\/?s={search_term_string}\"},\"query-input\":{\"@type\":\"PropertyValueSpecification\",\"valueRequired\":true,\"valueName\":\"search_term_string\"}}],\"inLanguage\":\"en-US\"}]}<\/script>\n<!-- \/ Yoast SEO plugin. -->","yoast_head_json":{"title":"To Book - La Bastide des Pins","robots":{"index":"index","follow":"follow","max-snippet":"max-snippet:-1","max-image-preview":"max-image-preview:large","max-video-preview":"max-video-preview:-1"},"canonical":"https:\/\/www.bastidedespins-vence.com\/en\/reserver\/","og_locale":"en_US","og_type":"article","og_title":"To Book - La Bastide des Pins","og_description":"[vc_row type=&#8221;vc_default&#8221; full_width=&#8221;stretch_row&#8221; full_height=&#8221;yes&#8221; bg_type=&#8221;image&#8221; parallax_style=&#8221;vcpb-vz-jquery&#8221; bg_image_new=&#8221;id^1293|url^https:\/\/www.bastidedespins-vence.com\/wp-content\/uploads\/2019\/01\/bastide-des-pins-vence-reserver.jpg|caption^null|alt^null|title^bastide-des-pins-vence-reserver|description^null&#8221; bg_image_repeat=&#8221;no-repeat&#8221; parallax_sense=&#8221;30&#8243; bg_override=&#8221;full&#8221; disable_on_mobile_img_parallax=&#8221;disable_on_mobile_img_parallax_value&#8221; css=&#8221;.vc_custom_1549278170157{margin-top: -60px !important;margin-bottom: -60px !important;}&#8221;][vc_column][vc_empty_space height=&#8221;150px&#8221;][vc_column_text] Get commission-free special rates by booking your holiday direct with us. Thanks to this direct contact we can respond to all your wishes and all your questions. [\/vc_column_text][\/vc_column][\/vc_row][vc_row][vc_column][\/vc_column][\/vc_row]","og_url":"https:\/\/www.bastidedespins-vence.com\/en\/reserver\/","og_site_name":"La Bastide des Pins","article_modified_time":"2024-03-15T07:34:23+00:00","twitter_card":"summary_large_image","twitter_misc":{"Est. reading time":"1 minute"},"schema":{"@context":"https:\/\/schema.org","@graph":[{"@type":"WebPage","@id":"https:\/\/www.bastidedespins-vence.com\/en\/reserver\/","url":"https:\/\/www.bastidedespins-vence.com\/en\/reserver\/","name":"To Book - La Bastide des Pins","isPartOf":{"@id":"https:\/\/www.bastidedespins-vence.com\/en\/#website"},"datePublished":"2018-02-12T13:30:39+00:00","dateModified":"2024-03-15T07:34:23+00:00","breadcrumb":{"@id":"https:\/\/www.bastidedespins-vence.com\/en\/reserver\/#breadcrumb"},"inLanguage":"en-US","potentialAction":[{"@type":"ReadAction","target":[["https:\/\/www.bastidedespins-vence.com\/en\/reserver\/"]]}]},{"@type":"BreadcrumbList","@id":"https:\/\/www.bastidedespins-vence.com\/en\/reserver\/#breadcrumb","itemListElement":[{"@type":"ListItem","position":1,"name":"Accueil","item":"https:\/\/www.bastidedespins-vence.com\/en\/"},{"@type":"ListItem","position":2,"name":"R\u00e9server"}]},{"@type":"WebSite","@id":"https:\/\/www.bastidedespins-vence.com\/en\/#website","url":"https:\/\/www.bastidedespins-vence.com\/en\/","name":"La Bastide des Pins","description":"G\u00eete &amp; Chambres d&#039;H\u00f4tes \u00e0 Vence sur la C\u00f4te d&#039;Azur","potentialAction":[{"@type":"SearchAction","target":{"@type":"EntryPoint","urlTemplate":"https:\/\/www.bastidedespins-vence.com\/en\/?s={search_term_string}"},"query-input":{"@type":"PropertyValueSpecification","valueRequired":true,"valueName":"search_term_string"}}],"inLanguage":"en-US"}]}},"_links":{"self":[{"href":"https:\/\/www.bastidedespins-vence.com\/en\/wp-json\/wp\/v2\/pages\/967","targetHints":{"allow":["GET"]}}],"collection":[{"href":"https:\/\/www.bastidedespins-vence.com\/en\/wp-json\/wp\/v2\/pages"}],"about":[{"href":"https:\/\/www.bastidedespins-vence.com\/en\/wp-json\/wp\/v2\/types\/page"}],"author":[{"embeddable":true,"href":"https:\/\/www.bastidedespins-vence.com\/en\/wp-json\/wp\/v2\/users\/1"}],"replies":[{"embeddable":true,"href":"https:\/\/www.bastidedespins-vence.com\/en\/wp-json\/wp\/v2\/comments?post=967"}],"version-history":[{"count":58,"href":"https:\/\/www.bastidedespins-vence.com\/en\/wp-json\/wp\/v2\/pages\/967\/revisions"}],"predecessor-version":[{"id":1713,"href":"https:\/\/www.bastidedespins-vence.com\/en\/wp-json\/wp\/v2\/pages\/967\/revisions\/1713"}],"wp:attachment":[{"href":"https:\/\/www.bastidedespins-vence.com\/en\/wp-json\/wp\/v2\/media?parent=967"}],"curies":[{"name":"wp","href":"https:\/\/api.w.org\/{rel}","templated":true}]}}