{"id":959,"date":"2018-02-12T14:25:57","date_gmt":"2018-02-12T13:25:57","guid":{"rendered":"http:\/\/wp.syxago.fr\/bastidedespins-vence.com\/?page_id=959"},"modified":"2025-02-28T14:36:50","modified_gmt":"2025-02-28T13:36:50","slug":"tarifs","status":"publish","type":"page","link":"https:\/\/www.bastidedespins-vence.com\/en\/tarifs\/","title":{"rendered":"Rates"},"content":{"rendered":"<div class=\"wpb-content-wrapper\"><p>[vc_row][vc_column]<div id=\"ultimate-heading-970769deafd042807\" class=\"uvc-heading ult-adjust-bottom-margin ultimate-heading-970769deafd042807 uvc-362 \" data-hspacer=\"no_spacer\"  data-halign=\"left\" style=\"text-align:left\"><div class=\"uvc-heading-spacer no_spacer\" style=\"top\"><\/div><div class=\"uvc-main-heading ult-responsive\"  data-ultimate-target='.uvc-heading.ultimate-heading-970769deafd042807 h2'  data-responsive-json-new='{\"font-size\":\"desktop:60px;tablet:45px;tablet_portrait:45px;mobile_landscape:30px;mobile:30px;\",\"line-height\":\"\"}' ><h2 style=\"font-family:&#039;Great Vibes&#039;;--font-weight:theme;color:#4c4c4c;margin-top:70px;margin-bottom:30px;\">Rates<\/h2><\/div><\/div>[vc_column_text]Get commission-free special rates by booking your holiday direct with us.<br \/>\nThanks to this direct contact we can respond to all your wishes and all your questions.[\/vc_column_text][\/vc_column][\/vc_row][vc_row type=&#8221;1&#8243; bg_color=&#8221;#f4f4f4&#8243; css=&#8221;.vc_custom_1740749841312{margin-bottom: -40px !important;background-color: #f4f4f4 !important;}&#8221;][vc_column]<div id=\"ultimate-heading-879669deafd042824\" class=\"uvc-heading ult-adjust-bottom-margin ultimate-heading-879669deafd042824 uvc-6301 \" data-hspacer=\"no_spacer\"  data-halign=\"left\" style=\"text-align:left\"><div class=\"uvc-heading-spacer no_spacer\" style=\"top\"><\/div><div class=\"uvc-main-heading ult-responsive\"  data-ultimate-target='.uvc-heading.ultimate-heading-879669deafd042824 h2'  data-responsive-json-new='{\"font-size\":\"desktop:40px;tablet:40px;tablet_portrait:40px;mobile_landscape:30px;mobile:30px;\",\"line-height\":\"\"}' ><h2 style=\"font-family:&#039;Great Vibes&#039;;--font-weight:theme;color:#4c4c4c;margin-top:50px;margin-bottom:20px;\">Bed and Breakfast<\/h2><\/div><\/div>[vc_column_text]<\/p>\n<p>Rates per night for two-people occupancy, breakfast included.\u00a0Minimum of 2-night stay.[\/vc_column_text]<div class=\"hr-thin style-dashed\" style=\"width: 100%;border-color: rgba(34,34,34,0.15);border-top-width: 1px;\"><\/div>[vc_row_inner css=&#8221;.vc_custom_1547053298672{padding-top: 16px !important;padding-bottom: 16px !important;}&#8221;][vc_column_inner width=&#8221;2\/3&#8243;]<div id=\"ultimate-heading-561569deafd04284a\" class=\"uvc-heading ult-adjust-bottom-margin ultimate-heading-561569deafd04284a uvc-2969 \" data-hspacer=\"no_spacer\"  data-halign=\"left\" style=\"text-align:left\"><div class=\"uvc-heading-spacer no_spacer\" style=\"top\"><\/div><div class=\"uvc-main-heading ult-responsive\"  data-ultimate-target='.uvc-heading.ultimate-heading-561569deafd04284a h2'  data-responsive-json-new='{\"font-size\":\"desktop:18px;\",\"line-height\":\"\"}' ><h2 style=\"font-family:&#039;Lato&#039;;font-weight:900;color:#4a4a4a;margin-bottom:8px;\">Mediterranean room<\/h2><\/div><div class=\"uvc-sub-heading ult-responsive\"  data-ultimate-target='.uvc-heading.ultimate-heading-561569deafd04284a .uvc-sub-heading '  data-responsive-json-new='{\"font-size\":\"desktop:14px;\",\"line-height\":\"\"}'  style=\"font-weight:normal;margin-bottom:8px;\"><a href=\"https:\/\/www.bastidedespins-vence.com\/en\/chambre-mediterranee\/\">See the room<\/a><\/div><\/div>[\/vc_column_inner][vc_column_inner width=&#8221;1\/3&#8243;]<div id=\"ultimate-heading-681769deafd042868\" class=\"uvc-heading ult-adjust-bottom-margin ultimate-heading-681769deafd042868 uvc-7112 \" data-hspacer=\"no_spacer\"  data-halign=\"right\" style=\"text-align:right\"><div class=\"uvc-heading-spacer no_spacer\" style=\"top\"><\/div><div class=\"uvc-main-heading ult-responsive\"  data-ultimate-target='.uvc-heading.ultimate-heading-681769deafd042868 h2'  data-responsive-json-new='{\"font-size\":\"desktop:18px;\",\"line-height\":\"\"}' ><h2 style=\"font-family:&#039;Lato&#039;;font-weight:900;color:#4a4a4a;margin-bottom:8px;\">From \u20ac 250<\/h2><\/div><\/div>[\/vc_column_inner][\/vc_row_inner]<div class=\"hr-thin style-dashed\" style=\"width: 100%;border-color: rgba(34,34,34,0.15);border-top-width: 1px;\"><\/div>[vc_row_inner css=&#8221;.vc_custom_1547053306987{padding-top: 16px !important;padding-bottom: 16px !important;}&#8221;][vc_column_inner width=&#8221;2\/3&#8243;]<div id=\"ultimate-heading-698969deafd04288c\" class=\"uvc-heading ult-adjust-bottom-margin ultimate-heading-698969deafd04288c uvc-4744 \" data-hspacer=\"no_spacer\"  data-halign=\"left\" style=\"text-align:left\"><div class=\"uvc-heading-spacer no_spacer\" style=\"top\"><\/div><div class=\"uvc-main-heading ult-responsive\"  data-ultimate-target='.uvc-heading.ultimate-heading-698969deafd04288c h2'  data-responsive-json-new='{\"font-size\":\"desktop:18px;\",\"line-height\":\"\"}' ><h2 style=\"font-family:&#039;Lato&#039;;font-weight:900;color:#4a4a4a;margin-bottom:8px;\">Azur room<\/h2><\/div><div class=\"uvc-sub-heading ult-responsive\"  data-ultimate-target='.uvc-heading.ultimate-heading-698969deafd04288c .uvc-sub-heading '  data-responsive-json-new='{\"font-size\":\"desktop:14px;\",\"line-height\":\"\"}'  style=\"font-weight:normal;margin-bottom:8px;\"><a href=\"https:\/\/www.bastidedespins-vence.com\/en\/chambre-azur\/\">See the room<\/a><\/div><\/div>[\/vc_column_inner][vc_column_inner width=&#8221;1\/3&#8243;]<div id=\"ultimate-heading-327869deafd0428a9\" class=\"uvc-heading ult-adjust-bottom-margin ultimate-heading-327869deafd0428a9 uvc-9607 \" data-hspacer=\"no_spacer\"  data-halign=\"right\" style=\"text-align:right\"><div class=\"uvc-heading-spacer no_spacer\" style=\"top\"><\/div><div class=\"uvc-main-heading ult-responsive\"  data-ultimate-target='.uvc-heading.ultimate-heading-327869deafd0428a9 h2'  data-responsive-json-new='{\"font-size\":\"desktop:18px;\",\"line-height\":\"\"}' ><h2 style=\"font-family:&#039;Lato&#039;;font-weight:900;color:#4a4a4a;margin-bottom:8px;\">From \u20ac 270<\/h2><\/div><\/div>[\/vc_column_inner][\/vc_row_inner]<div class=\"hr-thin style-dashed\" style=\"width: 100%;border-color: rgba(34,34,34,0.15);border-top-width: 1px;\"><\/div>[vc_row_inner css=&#8221;.vc_custom_1547053316066{padding-top: 16px !important;padding-bottom: 16px !important;}&#8221;][vc_column_inner width=&#8221;2\/3&#8243;]<div id=\"ultimate-heading-583869deafd0428cc\" class=\"uvc-heading ult-adjust-bottom-margin ultimate-heading-583869deafd0428cc uvc-4821 \" data-hspacer=\"no_spacer\"  data-halign=\"left\" style=\"text-align:left\"><div class=\"uvc-heading-spacer no_spacer\" style=\"top\"><\/div><div class=\"uvc-main-heading ult-responsive\"  data-ultimate-target='.uvc-heading.ultimate-heading-583869deafd0428cc h2'  data-responsive-json-new='{\"font-size\":\"desktop:18px;\",\"line-height\":\"\"}' ><h2 style=\"font-family:&#039;Lato&#039;;font-weight:900;color:#4a4a4a;margin-bottom:8px;\">Riviera room<\/h2><\/div><div class=\"uvc-sub-heading ult-responsive\"  data-ultimate-target='.uvc-heading.ultimate-heading-583869deafd0428cc .uvc-sub-heading '  data-responsive-json-new='{\"font-size\":\"desktop:14px;\",\"line-height\":\"\"}'  style=\"font-weight:normal;margin-bottom:8px;\"><a href=\"https:\/\/www.bastidedespins-vence.com\/en\/chambre-riviera\/\">See the room<\/a><\/div><\/div>[\/vc_column_inner][vc_column_inner width=&#8221;1\/3&#8243;]<div id=\"ultimate-heading-345769deafd0428e8\" class=\"uvc-heading ult-adjust-bottom-margin ultimate-heading-345769deafd0428e8 uvc-2357 \" data-hspacer=\"no_spacer\"  data-halign=\"right\" style=\"text-align:right\"><div class=\"uvc-heading-spacer no_spacer\" style=\"top\"><\/div><div class=\"uvc-main-heading ult-responsive\"  data-ultimate-target='.uvc-heading.ultimate-heading-345769deafd0428e8 h2'  data-responsive-json-new='{\"font-size\":\"desktop:18px;\",\"line-height\":\"\"}' ><h2 style=\"font-family:&#039;Lato&#039;;font-weight:900;color:#4a4a4a;margin-bottom:8px;\">From \u20ac 300<\/h2><\/div><\/div>[\/vc_column_inner][\/vc_row_inner]<div class=\"hr-thin style-dashed\" style=\"width: 100%;border-color: rgba(34,34,34,0.15);border-top-width: 1px;\"><\/div>[vc_column_text css=&#8221;.vc_custom_1611573271808{padding-bottom: 15px !important;}&#8221;]Due to the risk of intolerance and allergies, pets are not allowed in the rooms.[\/vc_column_text][\/vc_column][\/vc_row][vc_row type=&#8221;1&#8243; margin_bottom=&#8221;-40&#8243; bg_color=&#8221;#ffffff&#8221; css=&#8221;.vc_custom_1547056386723{margin-bottom: -40px !important;background-color: #f4f4f4 !important;}&#8221;][vc_column]<div id=\"ultimate-heading-528869deafd04290a\" class=\"uvc-heading ult-adjust-bottom-margin ultimate-heading-528869deafd04290a uvc-9061 \" data-hspacer=\"no_spacer\"  data-halign=\"left\" style=\"text-align:left\"><div class=\"uvc-heading-spacer no_spacer\" style=\"top\"><\/div><div class=\"uvc-main-heading ult-responsive\"  data-ultimate-target='.uvc-heading.ultimate-heading-528869deafd04290a h2'  data-responsive-json-new='{\"font-size\":\"desktop:40px;tablet:40px;tablet_portrait:40px;mobile_landscape:30px;mobile:30px;\",\"line-height\":\"\"}' ><h2 style=\"font-family:&#039;Great Vibes&#039;;--font-weight:theme;color:#4c4c4c;margin-top:50px;margin-bottom:20px;\">2-room apartment<\/h2><\/div><\/div>[vc_column_text]<\/p>\n<p style=\"color: #333333;\">Weekly rates. Open all year.<br \/>\nA minimum of 4-night stay is possible excluding high season (from June 15 to September 15).<\/p>\n<p>[\/vc_column_text]<div class=\"hr-thin style-dashed\" style=\"width: 100%;border-color: rgba(34,34,34,0.15);border-top-width: 1px;\"><\/div>[vc_row_inner css=&#8221;.vc_custom_1547053298672{padding-top: 16px !important;padding-bottom: 16px !important;}&#8221;][vc_column_inner width=&#8221;2\/3&#8243;][vc_column_text]<a href=\"https:\/\/www.bastidedespins-vence.com\/en\/gite-les-citronniers\">See the apartment<\/a>[\/vc_column_text][\/vc_column_inner][vc_column_inner width=&#8221;1\/3&#8243;]<div id=\"ultimate-heading-814569deafd04292c\" class=\"uvc-heading ult-adjust-bottom-margin ultimate-heading-814569deafd04292c uvc-6907 \" data-hspacer=\"no_spacer\"  data-halign=\"right\" style=\"text-align:right\"><div class=\"uvc-heading-spacer no_spacer\" style=\"top\"><\/div><div class=\"uvc-main-heading ult-responsive\"  data-ultimate-target='.uvc-heading.ultimate-heading-814569deafd04292c h2'  data-responsive-json-new='{\"font-size\":\"desktop:18px;\",\"line-height\":\"\"}' ><h2 style=\"font-family:&#039;Lato&#039;;font-weight:900;color:#4a4a4a;margin-bottom:8px;\">From \u20ac 1260 depending on season<\/h2><\/div><\/div>[\/vc_column_inner][\/vc_row_inner]<div class=\"hr-thin style-dashed\" style=\"width: 100%;border-color: rgba(34,34,34,0.15);border-top-width: 1px;\"><\/div>[vc_row_inner css=&#8221;.vc_custom_1547056851384{padding-bottom: 50px !important;}&#8221;][vc_column_inner width=&#8221;1\/2&#8243;][vc_column_text css=&#8221;&#8221;]<\/p>\n<p style=\"color: #333333;\" align=\"justify\"><span style=\"color: #333333; font-weight: bold;\">Child up to 3 years old<\/span> : free<\/p>\n<p style=\"color: #333333;\" align=\"justify\"><span style=\"color: #333333; font-weight: bold;\">From 3 to 12 years old<\/span> : \u20ac20 \/ day<\/p>\n<p style=\"color: #333333;\" align=\"justify\"><span style=\"color: #333333; font-weight: bold;\">Person over 12 years old<\/span> : \u20ac30 \/ day<\/p>\n<p style=\"color: #333333;\" align=\"justify\"><span style=\"color: #333333; font-weight: bold;\">Dog <\/span>: \u20ac70 a stay<\/p>\n<p>[\/vc_column_text][\/vc_column_inner][vc_column_inner width=&#8221;1\/2&#8243;][vc_column_text]<\/p>\n<p style=\"color: #333333;\">Dogs are allowed in the apartment subject to prior agreement.<\/p>\n<p style=\"color: #333333;\">Bed linen is provided. Final cleaning fee: \u20ac 70.<\/p>\n<p>[\/vc_column_text][\/vc_column_inner][\/vc_row_inner][\/vc_column][\/vc_row][vc_row type=&#8221;1&#8243; bg_color=&#8221;#f4f4f4&#8243;][vc_column css=&#8221;.vc_custom_1521624001890{margin-top: 20px !important;padding-top: 20px !important;padding-bottom: 0px !important;}&#8221;]<div id=\"ultimate-heading-378469deafd042952\" class=\"uvc-heading ult-adjust-bottom-margin ultimate-heading-378469deafd042952 uvc-8681 \" data-hspacer=\"no_spacer\"  data-halign=\"left\" style=\"text-align:left\"><div class=\"uvc-heading-spacer no_spacer\" style=\"top\"><\/div><div class=\"uvc-main-heading ult-responsive\"  data-ultimate-target='.uvc-heading.ultimate-heading-378469deafd042952 h2'  data-responsive-json-new='{\"font-size\":\"desktop:40px;tablet:40px;tablet_portrait:40px;mobile_landscape:30px;mobile:30px;\",\"line-height\":\"desktop:45px;tablet:45px;tablet_portrait:45px;mobile_landscape:35px;mobile:35px;\"}' ><h2 style=\"font-family:&#039;Great Vibes&#039;;--font-weight:theme;color:#4a4a4a;margin-bottom:30px;\">Policies Bed and Breakfast<\/h2><\/div><\/div>[vc_column_text]<\/p>\n<h3 align=\"justify\"><\/h3>\n<h4 align=\"justify\">Booking and payment conditions<\/h4>\n<p>All booking requests, after confirmation from us, must be guaranteed by a deposit corresponding to 50% of the amount of the stay by check (France) or bank transfer. The booking will be final only after receipt of the deposit.<\/p>\n<p>Payment of the balance is made (i) by wire transfer or by check (France) no later than 14 days before the day of arrival or (ii) by cash upon the day of arrival.<\/p>\n<p>Payments by credit card and travellers\u2019 checks are not accepted.<\/p>\n<h4 align=\"justify\">Cancellation terms<\/h4>\n<p>In case of cancellation no later than 30 days before the date of arrival, the deposit will be refunded in full.<br \/>\nIn case of cancellation between 30 days but no later than 14 days before the date of arrival, the deposit will be retained by the owner.<br \/>\nIn the event of cancellation less than 14 days before the date of arrival, or in case of a shortened stay or of no-show, the entire stay will have to be paid in full.[\/vc_column_text]<div id=\"ultimate-heading-327769deafd042975\" class=\"uvc-heading ult-adjust-bottom-margin ultimate-heading-327769deafd042975 uvc-7739 \" data-hspacer=\"no_spacer\"  data-halign=\"left\" style=\"text-align:left\"><div class=\"uvc-heading-spacer no_spacer\" style=\"top\"><\/div><div class=\"uvc-main-heading ult-responsive\"  data-ultimate-target='.uvc-heading.ultimate-heading-327769deafd042975 h2'  data-responsive-json-new='{\"font-size\":\"desktop:40px;tablet:40px;tablet_portrait:40px;mobile_landscape:30px;mobile:30px;\",\"line-height\":\"desktop:45px;tablet:45px;tablet_portrait:45px;mobile_landscape:35px;mobile:35px;\"}' ><h2 style=\"font-family:&#039;Great Vibes&#039;;--font-weight:theme;color:#4a4a4a;margin-bottom:30px;\">Policies 2-room apartment<\/h2><\/div><\/div>[vc_column_text]<\/p>\n<h4 align=\"justify\">Booking and payment conditions<\/h4>\n<p>Any booking request, after confirmation from us, must be guaranteed by a deposit corresponding to<br \/>\n50% of the amount of the stay. Payment of the balance of the stay is made one month before the<br \/>\ndate of arrival by bank transfer or on arrival by check (France) or cash.<\/p>\n<p>Payments by credit card and travellers\u2019 checks are not accepted.<\/p>\n<h4 align=\"justify\">Cancellation terms<\/h4>\n<p align=\"justify\">The deposit will be lost in the event of cancellation more than one month before the actual rental date. In the event of cancellation less than one month before the rental, the difference between the deposit and the total rent will be charged.<\/p>\n<p>No refund will be given in the event of early departure[\/vc_column_text][\/vc_column][\/vc_row]<\/p>\n<\/div>","protected":false},"excerpt":{"rendered":"<p>[vc_row][vc_column][vc_column_text]Get commission-free special rates by booking your holiday direct with us. Thanks to this direct contact we can respond to all your wishes and all your questions.[\/vc_column_text][\/vc_column][\/vc_row][vc_row type=&#8221;1&#8243; bg_color=&#8221;#f4f4f4&#8243; css=&#8221;.vc_custom_1740749841312{margin-bottom: -40px !important;background-color: #f4f4f4 !important;}&#8221;][vc_column][vc_column_text] Rates per night for two-people occupancy, breakfast included.\u00a0Minimum of 2-night stay.[\/vc_column_text][vc_row_inner css=&#8221;.vc_custom_1547053298672{padding-top: 16px !important;padding-bottom: 16px !important;}&#8221;][vc_column_inner width=&#8221;2\/3&#8243;][\/vc_column_inner][vc_column_inner width=&#8221;1\/3&#8243;][\/vc_column_inner][\/vc_row_inner][vc_row_inner css=&#8221;.vc_custom_1547053306987{padding-top: 16px !important;padding-bottom:&hellip;<\/p>\n","protected":false},"author":1,"featured_media":0,"parent":0,"menu_order":0,"comment_status":"closed","ping_status":"closed","template":"","meta":{"footnotes":""},"class_list":["post-959","page","type-page","status-publish","hentry","description-off"],"yoast_head":"<!-- This site is optimized with the Yoast SEO plugin v27.4 - https:\/\/yoast.com\/product\/yoast-seo-wordpress\/ -->\n<title>Rates - La Bastide des Pins Vence<\/title>\n<meta name=\"robots\" content=\"index, follow, max-snippet:-1, max-image-preview:large, max-video-preview:-1\" \/>\n<link rel=\"canonical\" href=\"https:\/\/www.bastidedespins-vence.com\/en\/tarifs\/\" \/>\n<meta property=\"og:locale\" content=\"en_US\" \/>\n<meta property=\"og:type\" content=\"article\" \/>\n<meta property=\"og:title\" content=\"Rates - La Bastide des Pins Vence\" \/>\n<meta property=\"og:description\" content=\"[vc_row][vc_column][vc_column_text]Get commission-free special rates by booking your holiday direct with us. Thanks to this direct contact we can respond to all your wishes and all your questions.[\/vc_column_text][\/vc_column][\/vc_row][vc_row type=&#8221;1&#8243; bg_color=&#8221;#f4f4f4&#8243; css=&#8221;.vc_custom_1740749841312{margin-bottom: -40px !important;background-color: #f4f4f4 !important;}&#8221;][vc_column][vc_column_text] Rates per night for two-people occupancy, breakfast included.\u00a0Minimum of 2-night stay.[\/vc_column_text][vc_row_inner css=&#8221;.vc_custom_1547053298672{padding-top: 16px !important;padding-bottom: 16px !important;}&#8221;][vc_column_inner width=&#8221;2\/3&#8243;][\/vc_column_inner][vc_column_inner width=&#8221;1\/3&#8243;][\/vc_column_inner][\/vc_row_inner][vc_row_inner css=&#8221;.vc_custom_1547053306987{padding-top: 16px !important;padding-bottom:&hellip;\" \/>\n<meta property=\"og:url\" content=\"https:\/\/www.bastidedespins-vence.com\/en\/tarifs\/\" \/>\n<meta property=\"og:site_name\" content=\"La Bastide des Pins\" \/>\n<meta property=\"article:modified_time\" content=\"2025-02-28T13:36:50+00:00\" \/>\n<meta name=\"twitter:card\" content=\"summary_large_image\" \/>\n<meta name=\"twitter:label1\" content=\"Est. reading time\" \/>\n\t<meta name=\"twitter:data1\" content=\"4 minutes\" \/>\n<script type=\"application\/ld+json\" class=\"yoast-schema-graph\">{\"@context\":\"https:\\\/\\\/schema.org\",\"@graph\":[{\"@type\":\"WebPage\",\"@id\":\"https:\\\/\\\/www.bastidedespins-vence.com\\\/en\\\/tarifs\\\/\",\"url\":\"https:\\\/\\\/www.bastidedespins-vence.com\\\/en\\\/tarifs\\\/\",\"name\":\"Rates - La Bastide des Pins Vence\",\"isPartOf\":{\"@id\":\"https:\\\/\\\/www.bastidedespins-vence.com\\\/en\\\/#website\"},\"datePublished\":\"2018-02-12T13:25:57+00:00\",\"dateModified\":\"2025-02-28T13:36:50+00:00\",\"breadcrumb\":{\"@id\":\"https:\\\/\\\/www.bastidedespins-vence.com\\\/en\\\/tarifs\\\/#breadcrumb\"},\"inLanguage\":\"en-US\",\"potentialAction\":[{\"@type\":\"ReadAction\",\"target\":[[\"https:\\\/\\\/www.bastidedespins-vence.com\\\/en\\\/tarifs\\\/\"]]}]},{\"@type\":\"BreadcrumbList\",\"@id\":\"https:\\\/\\\/www.bastidedespins-vence.com\\\/en\\\/tarifs\\\/#breadcrumb\",\"itemListElement\":[{\"@type\":\"ListItem\",\"position\":1,\"name\":\"Accueil\",\"item\":\"https:\\\/\\\/www.bastidedespins-vence.com\\\/en\\\/\"},{\"@type\":\"ListItem\",\"position\":2,\"name\":\"Tarifs\"}]},{\"@type\":\"WebSite\",\"@id\":\"https:\\\/\\\/www.bastidedespins-vence.com\\\/en\\\/#website\",\"url\":\"https:\\\/\\\/www.bastidedespins-vence.com\\\/en\\\/\",\"name\":\"La Bastide des Pins\",\"description\":\"G\u00eete &amp; Chambres d&#039;H\u00f4tes \u00e0 Vence sur la C\u00f4te d&#039;Azur\",\"potentialAction\":[{\"@type\":\"SearchAction\",\"target\":{\"@type\":\"EntryPoint\",\"urlTemplate\":\"https:\\\/\\\/www.bastidedespins-vence.com\\\/en\\\/?s={search_term_string}\"},\"query-input\":{\"@type\":\"PropertyValueSpecification\",\"valueRequired\":true,\"valueName\":\"search_term_string\"}}],\"inLanguage\":\"en-US\"}]}<\/script>\n<!-- \/ Yoast SEO plugin. -->","yoast_head_json":{"title":"Rates - La Bastide des Pins Vence","robots":{"index":"index","follow":"follow","max-snippet":"max-snippet:-1","max-image-preview":"max-image-preview:large","max-video-preview":"max-video-preview:-1"},"canonical":"https:\/\/www.bastidedespins-vence.com\/en\/tarifs\/","og_locale":"en_US","og_type":"article","og_title":"Rates - La Bastide des Pins Vence","og_description":"[vc_row][vc_column][vc_column_text]Get commission-free special rates by booking your holiday direct with us. Thanks to this direct contact we can respond to all your wishes and all your questions.[\/vc_column_text][\/vc_column][\/vc_row][vc_row type=&#8221;1&#8243; bg_color=&#8221;#f4f4f4&#8243; css=&#8221;.vc_custom_1740749841312{margin-bottom: -40px !important;background-color: #f4f4f4 !important;}&#8221;][vc_column][vc_column_text] Rates per night for two-people occupancy, breakfast included.\u00a0Minimum of 2-night stay.[\/vc_column_text][vc_row_inner css=&#8221;.vc_custom_1547053298672{padding-top: 16px !important;padding-bottom: 16px !important;}&#8221;][vc_column_inner width=&#8221;2\/3&#8243;][\/vc_column_inner][vc_column_inner width=&#8221;1\/3&#8243;][\/vc_column_inner][\/vc_row_inner][vc_row_inner css=&#8221;.vc_custom_1547053306987{padding-top: 16px !important;padding-bottom:&hellip;","og_url":"https:\/\/www.bastidedespins-vence.com\/en\/tarifs\/","og_site_name":"La Bastide des Pins","article_modified_time":"2025-02-28T13:36:50+00:00","twitter_card":"summary_large_image","twitter_misc":{"Est. reading time":"4 minutes"},"schema":{"@context":"https:\/\/schema.org","@graph":[{"@type":"WebPage","@id":"https:\/\/www.bastidedespins-vence.com\/en\/tarifs\/","url":"https:\/\/www.bastidedespins-vence.com\/en\/tarifs\/","name":"Rates - La Bastide des Pins Vence","isPartOf":{"@id":"https:\/\/www.bastidedespins-vence.com\/en\/#website"},"datePublished":"2018-02-12T13:25:57+00:00","dateModified":"2025-02-28T13:36:50+00:00","breadcrumb":{"@id":"https:\/\/www.bastidedespins-vence.com\/en\/tarifs\/#breadcrumb"},"inLanguage":"en-US","potentialAction":[{"@type":"ReadAction","target":[["https:\/\/www.bastidedespins-vence.com\/en\/tarifs\/"]]}]},{"@type":"BreadcrumbList","@id":"https:\/\/www.bastidedespins-vence.com\/en\/tarifs\/#breadcrumb","itemListElement":[{"@type":"ListItem","position":1,"name":"Accueil","item":"https:\/\/www.bastidedespins-vence.com\/en\/"},{"@type":"ListItem","position":2,"name":"Tarifs"}]},{"@type":"WebSite","@id":"https:\/\/www.bastidedespins-vence.com\/en\/#website","url":"https:\/\/www.bastidedespins-vence.com\/en\/","name":"La Bastide des Pins","description":"G\u00eete &amp; Chambres d&#039;H\u00f4tes \u00e0 Vence sur la C\u00f4te d&#039;Azur","potentialAction":[{"@type":"SearchAction","target":{"@type":"EntryPoint","urlTemplate":"https:\/\/www.bastidedespins-vence.com\/en\/?s={search_term_string}"},"query-input":{"@type":"PropertyValueSpecification","valueRequired":true,"valueName":"search_term_string"}}],"inLanguage":"en-US"}]}},"_links":{"self":[{"href":"https:\/\/www.bastidedespins-vence.com\/en\/wp-json\/wp\/v2\/pages\/959","targetHints":{"allow":["GET"]}}],"collection":[{"href":"https:\/\/www.bastidedespins-vence.com\/en\/wp-json\/wp\/v2\/pages"}],"about":[{"href":"https:\/\/www.bastidedespins-vence.com\/en\/wp-json\/wp\/v2\/types\/page"}],"author":[{"embeddable":true,"href":"https:\/\/www.bastidedespins-vence.com\/en\/wp-json\/wp\/v2\/users\/1"}],"replies":[{"embeddable":true,"href":"https:\/\/www.bastidedespins-vence.com\/en\/wp-json\/wp\/v2\/comments?post=959"}],"version-history":[{"count":95,"href":"https:\/\/www.bastidedespins-vence.com\/en\/wp-json\/wp\/v2\/pages\/959\/revisions"}],"predecessor-version":[{"id":1739,"href":"https:\/\/www.bastidedespins-vence.com\/en\/wp-json\/wp\/v2\/pages\/959\/revisions\/1739"}],"wp:attachment":[{"href":"https:\/\/www.bastidedespins-vence.com\/en\/wp-json\/wp\/v2\/media?parent=959"}],"curies":[{"name":"wp","href":"https:\/\/api.w.org\/{rel}","templated":true}]}}