{"id":957,"date":"2018-02-12T14:25:04","date_gmt":"2018-02-12T13:25:04","guid":{"rendered":"http:\/\/wp.syxago.fr\/bastidedespins-vence.com\/?page_id=957"},"modified":"2026-04-27T15:27:45","modified_gmt":"2026-04-27T13:27:45","slug":"hebergements","status":"publish","type":"page","link":"https:\/\/www.bastidedespins-vence.com\/en\/hebergements\/","title":{"rendered":"Bed &#038; Breakfast"},"content":{"rendered":"<div class=\"wpb-content-wrapper\"><p>[vc_row type=&#8221;vc_default&#8221; full_width=&#8221;stretch_row&#8221; content_placement=&#8221;middle&#8221; bg_type=&#8221;image&#8221; parallax_style=&#8221;vcpb-vz-jquery&#8221; bg_image_new=&#8221;id^1650|url^https:\/\/www.bastidedespins-vence.com\/wp-content\/uploads\/2022\/02\/bastide-des-pins-vence-riviera-1.jpg|caption^null|alt^null|title^bastide-des-pins-vence-riviera-1|description^null&#8221; bg_image_repeat=&#8221;no-repeat&#8221; parallax_sense=&#8221;50&#8243; disable_on_mobile_img_parallax=&#8221;disable_on_mobile_img_parallax_value&#8221; css=&#8221;.vc_custom_1646300264387{border-top-width: 2px !important;border-bottom-width: 2px !important;padding-top: 100px !important;padding-bottom: 100px !important;border-top-color: #ffffff !important;border-top-style: solid !important;border-bottom-color: #ffffff !important;border-bottom-style: solid !important;}&#8221;][vc_column]<div id=\"ultimate-heading-471869f241e1ef6f5\" class=\"uvc-heading ult-adjust-bottom-margin ultimate-heading-471869f241e1ef6f5 uvc-5366 \" data-hspacer=\"no_spacer\"  data-halign=\"center\" style=\"text-align:center\"><div class=\"uvc-heading-spacer no_spacer\" style=\"top\"><\/div><div class=\"uvc-main-heading ult-responsive\"  data-ultimate-target='.uvc-heading.ultimate-heading-471869f241e1ef6f5 h2'  data-responsive-json-new='{\"font-size\":\"desktop:60px;tablet:45px;tablet_portrait:40px;mobile_landscape:35px;mobile:30px;\",\"line-height\":\"desktop:60px;tablet:45px;tablet_portrait:40px;mobile_landscape:35px;mobile:30px;\"}' ><h2 style=\"font-family:&#039;Great Vibes&#039;;--font-weight:theme;color:#ffffff;margin-bottom:30px;\">Riviera Room<\/h2><\/div><\/div>[vc_btn title=&#8221;Discover more&#8221; color=&#8221;white&#8221; align=&#8221;center&#8221; link=&#8221;url:https%3A%2F%2Fwww.bastidedespins-vence.com%2Fchambre-riviera%2F|||&#8221;][\/vc_column][\/vc_row][vc_row type=&#8221;vc_default&#8221; full_width=&#8221;stretch_row&#8221; content_placement=&#8221;middle&#8221; bg_type=&#8221;image&#8221; parallax_style=&#8221;vcpb-vz-jquery&#8221; bg_image_new=&#8221;id^1467|url^https:\/\/www.bastidedespins-vence.com\/wp-content\/uploads\/2020\/12\/bastide-des-pins-vence-azur-diapo1.jpg|caption^null|alt^null|title^bastide-des-pins-vence-azur-diapo1|description^null&#8221; bg_image_repeat=&#8221;no-repeat&#8221; parallax_sense=&#8221;50&#8243; disable_on_mobile_img_parallax=&#8221;disable_on_mobile_img_parallax_value&#8221; css=&#8221;.vc_custom_1712649231569{border-top-width: 2px !important;border-bottom-width: 2px !important;padding-top: 100px !important;padding-bottom: 100px !important;border-top-color: #ffffff !important;border-top-style: solid !important;border-bottom-color: #ffffff !important;border-bottom-style: solid !important;}&#8221;][vc_column]<div id=\"ultimate-heading-977869f241e1ef717\" class=\"uvc-heading ult-adjust-bottom-margin ultimate-heading-977869f241e1ef717 uvc-46 \" data-hspacer=\"no_spacer\"  data-halign=\"center\" style=\"text-align:center\"><div class=\"uvc-heading-spacer no_spacer\" style=\"top\"><\/div><div class=\"uvc-main-heading ult-responsive\"  data-ultimate-target='.uvc-heading.ultimate-heading-977869f241e1ef717 h2'  data-responsive-json-new='{\"font-size\":\"desktop:60px;tablet:45px;tablet_portrait:40px;mobile_landscape:35px;mobile:30px;\",\"line-height\":\"desktop:60px;tablet:45px;tablet_portrait:40px;mobile_landscape:35px;mobile:30px;\"}' ><h2 style=\"font-family:&#039;Great Vibes&#039;;--font-weight:theme;color:#ffffff;margin-bottom:30px;\">Azur Room<\/h2><\/div><\/div>[vc_btn title=&#8221;Discover more&#8221; color=&#8221;white&#8221; align=&#8221;center&#8221; link=&#8221;url:https%3A%2F%2Fwww.bastidedespins-vence.com%2Fchambre-azur%2F|||&#8221;][\/vc_column][\/vc_row][vc_row type=&#8221;vc_default&#8221; full_width=&#8221;stretch_row&#8221; content_placement=&#8221;middle&#8221; bg_type=&#8221;image&#8221; parallax_style=&#8221;vcpb-vz-jquery&#8221; bg_image_new=&#8221;id^1668|url^https:\/\/www.bastidedespins-vence.com\/wp-content\/uploads\/2022\/03\/bastide-des-pins-vence-mediterranee-2-scaled.jpg|caption^null|alt^null|title^bastide-des-pins-vence-mediterranee-2|description^null&#8221; bg_image_repeat=&#8221;no-repeat&#8221; parallax_sense=&#8221;50&#8243; disable_on_mobile_img_parallax=&#8221;disable_on_mobile_img_parallax_value&#8221; css=&#8221;.vc_custom_1646300282614{border-top-width: 2px !important;border-bottom-width: 2px !important;padding-top: 100px !important;padding-bottom: 100px !important;border-top-color: #ffffff !important;border-top-style: solid !important;border-bottom-color: #ffffff !important;border-bottom-style: solid !important;}&#8221;][vc_column]<div id=\"ultimate-heading-721569f241e1ef739\" class=\"uvc-heading ult-adjust-bottom-margin ultimate-heading-721569f241e1ef739 uvc-1840 \" data-hspacer=\"no_spacer\"  data-halign=\"center\" style=\"text-align:center\"><div class=\"uvc-heading-spacer no_spacer\" style=\"top\"><\/div><div class=\"uvc-main-heading ult-responsive\"  data-ultimate-target='.uvc-heading.ultimate-heading-721569f241e1ef739 h2'  data-responsive-json-new='{\"font-size\":\"desktop:60px;tablet:45px;tablet_portrait:40px;mobile_landscape:35px;mobile:30px;\",\"line-height\":\"desktop:60px;tablet:45px;tablet_portrait:40px;mobile_landscape:35px;mobile:30px;\"}' ><h2 style=\"font-family:&#039;Great Vibes&#039;;--font-weight:theme;color:#ffffff;margin-bottom:30px;\">Mediterranean Room<\/h2><\/div><\/div>[vc_btn title=&#8221;Discover more&#8221; color=&#8221;white&#8221; align=&#8221;center&#8221; link=&#8221;url:https%3A%2F%2Fwww.bastidedespins-vence.com%2Fchambre-mediterranee%2F|||&#8221;][\/vc_column][\/vc_row]<\/p>\n<\/div>","protected":false},"excerpt":{"rendered":"<p>[vc_row type=&#8221;vc_default&#8221; full_width=&#8221;stretch_row&#8221; content_placement=&#8221;middle&#8221; bg_type=&#8221;image&#8221; parallax_style=&#8221;vcpb-vz-jquery&#8221; bg_image_new=&#8221;id^1650|url^https:\/\/www.bastidedespins-vence.com\/wp-content\/uploads\/2022\/02\/bastide-des-pins-vence-riviera-1.jpg|caption^null|alt^null|title^bastide-des-pins-vence-riviera-1|description^null&#8221; bg_image_repeat=&#8221;no-repeat&#8221; parallax_sense=&#8221;50&#8243; disable_on_mobile_img_parallax=&#8221;disable_on_mobile_img_parallax_value&#8221; css=&#8221;.vc_custom_1646300264387{border-top-width: 2px !important;border-bottom-width: 2px !important;padding-top: 100px !important;padding-bottom: 100px !important;border-top-color: #ffffff !important;border-top-style: solid !important;border-bottom-color: #ffffff !important;border-bottom-style: solid !important;}&#8221;][vc_column][vc_btn title=&#8221;Discover more&#8221; color=&#8221;white&#8221; align=&#8221;center&#8221; link=&#8221;url:https%3A%2F%2Fwww.bastidedespins-vence.com%2Fchambre-riviera%2F|||&#8221;][\/vc_column][\/vc_row][vc_row type=&#8221;vc_default&#8221; full_width=&#8221;stretch_row&#8221; content_placement=&#8221;middle&#8221; bg_type=&#8221;image&#8221; parallax_style=&#8221;vcpb-vz-jquery&#8221; bg_image_new=&#8221;id^1467|url^https:\/\/www.bastidedespins-vence.com\/wp-content\/uploads\/2020\/12\/bastide-des-pins-vence-azur-diapo1.jpg|caption^null|alt^null|title^bastide-des-pins-vence-azur-diapo1|description^null&#8221; bg_image_repeat=&#8221;no-repeat&#8221; parallax_sense=&#8221;50&#8243; disable_on_mobile_img_parallax=&#8221;disable_on_mobile_img_parallax_value&#8221; css=&#8221;.vc_custom_1712649231569{border-top-width: 2px !important;border-bottom-width: 2px !important;padding-top: 100px !important;padding-bottom: 100px !important;border-top-color: #ffffff !important;border-top-style: solid !important;border-bottom-color: #ffffff&hellip;<\/p>\n","protected":false},"author":1,"featured_media":0,"parent":0,"menu_order":0,"comment_status":"closed","ping_status":"closed","template":"","meta":{"footnotes":""},"class_list":["post-957","page","type-page","status-publish","hentry","description-off"],"yoast_head":"<!-- This site is optimized with the Yoast SEO plugin v27.5 - https:\/\/yoast.com\/product\/yoast-seo-wordpress\/ -->\n<title>Bed &amp; Breakfast \u00e0 Vence, Var, C\u00f4te d&#039;Azur, B&amp;B French Riviera - La Bastide des Pins<\/title>\n<meta name=\"description\" content=\"La Bastide des Pins vous propose ses trois chambres d&#039;h\u00f4tes de charme avec vue panoramique sur la M\u00e9diterran\u00e9e et la C\u00f4te d&#039;Azur.\" \/>\n<meta name=\"robots\" content=\"index, follow, max-snippet:-1, max-image-preview:large, max-video-preview:-1\" \/>\n<link rel=\"canonical\" href=\"https:\/\/www.bastidedespins-vence.com\/en\/hebergements\/\" \/>\n<meta property=\"og:locale\" content=\"en_US\" \/>\n<meta property=\"og:type\" content=\"article\" \/>\n<meta property=\"og:title\" content=\"Bed &amp; Breakfast \u00e0 Vence, Var, C\u00f4te d&#039;Azur, B&amp;B French Riviera - La Bastide des Pins\" \/>\n<meta property=\"og:description\" content=\"La Bastide des Pins vous propose ses trois chambres d&#039;h\u00f4tes de charme avec vue panoramique sur la M\u00e9diterran\u00e9e et la C\u00f4te d&#039;Azur.\" \/>\n<meta property=\"og:url\" content=\"https:\/\/www.bastidedespins-vence.com\/en\/hebergements\/\" \/>\n<meta property=\"og:site_name\" content=\"La Bastide des Pins\" \/>\n<meta property=\"article:modified_time\" content=\"2026-04-27T13:27:45+00:00\" \/>\n<meta name=\"twitter:card\" content=\"summary_large_image\" \/>\n<meta name=\"twitter:label1\" content=\"Est. reading time\" \/>\n\t<meta name=\"twitter:data1\" content=\"1 minute\" \/>\n<script type=\"application\/ld+json\" class=\"yoast-schema-graph\">{\"@context\":\"https:\\\/\\\/schema.org\",\"@graph\":[{\"@type\":\"WebPage\",\"@id\":\"https:\\\/\\\/www.bastidedespins-vence.com\\\/en\\\/hebergements\\\/\",\"url\":\"https:\\\/\\\/www.bastidedespins-vence.com\\\/en\\\/hebergements\\\/\",\"name\":\"Bed & Breakfast \u00e0 Vence, Var, C\u00f4te d'Azur, B&B French Riviera - La Bastide des Pins\",\"isPartOf\":{\"@id\":\"https:\\\/\\\/www.bastidedespins-vence.com\\\/en\\\/#website\"},\"datePublished\":\"2018-02-12T13:25:04+00:00\",\"dateModified\":\"2026-04-27T13:27:45+00:00\",\"description\":\"La Bastide des Pins vous propose ses trois chambres d'h\u00f4tes de charme avec vue panoramique sur la M\u00e9diterran\u00e9e et la C\u00f4te d'Azur.\",\"breadcrumb\":{\"@id\":\"https:\\\/\\\/www.bastidedespins-vence.com\\\/en\\\/hebergements\\\/#breadcrumb\"},\"inLanguage\":\"en-US\",\"potentialAction\":[{\"@type\":\"ReadAction\",\"target\":[[\"https:\\\/\\\/www.bastidedespins-vence.com\\\/en\\\/hebergements\\\/\"]]}]},{\"@type\":\"BreadcrumbList\",\"@id\":\"https:\\\/\\\/www.bastidedespins-vence.com\\\/en\\\/hebergements\\\/#breadcrumb\",\"itemListElement\":[{\"@type\":\"ListItem\",\"position\":1,\"name\":\"Accueil\",\"item\":\"https:\\\/\\\/www.bastidedespins-vence.com\\\/en\\\/\"},{\"@type\":\"ListItem\",\"position\":2,\"name\":\"Chambres d&rsquo;h\u00f4tes\"}]},{\"@type\":\"WebSite\",\"@id\":\"https:\\\/\\\/www.bastidedespins-vence.com\\\/en\\\/#website\",\"url\":\"https:\\\/\\\/www.bastidedespins-vence.com\\\/en\\\/\",\"name\":\"La Bastide des Pins\",\"description\":\"G\u00eete &amp; Chambres d&#039;H\u00f4tes \u00e0 Vence sur la C\u00f4te d&#039;Azur\",\"potentialAction\":[{\"@type\":\"SearchAction\",\"target\":{\"@type\":\"EntryPoint\",\"urlTemplate\":\"https:\\\/\\\/www.bastidedespins-vence.com\\\/en\\\/?s={search_term_string}\"},\"query-input\":{\"@type\":\"PropertyValueSpecification\",\"valueRequired\":true,\"valueName\":\"search_term_string\"}}],\"inLanguage\":\"en-US\"}]}<\/script>\n<!-- \/ Yoast SEO plugin. -->","yoast_head_json":{"title":"Bed & Breakfast \u00e0 Vence, Var, C\u00f4te d'Azur, B&B French Riviera - La Bastide des Pins","description":"La Bastide des Pins vous propose ses trois chambres d'h\u00f4tes de charme avec vue panoramique sur la M\u00e9diterran\u00e9e et la C\u00f4te d'Azur.","robots":{"index":"index","follow":"follow","max-snippet":"max-snippet:-1","max-image-preview":"max-image-preview:large","max-video-preview":"max-video-preview:-1"},"canonical":"https:\/\/www.bastidedespins-vence.com\/en\/hebergements\/","og_locale":"en_US","og_type":"article","og_title":"Bed & Breakfast \u00e0 Vence, Var, C\u00f4te d'Azur, B&B French Riviera - La Bastide des Pins","og_description":"La Bastide des Pins vous propose ses trois chambres d'h\u00f4tes de charme avec vue panoramique sur la M\u00e9diterran\u00e9e et la C\u00f4te d'Azur.","og_url":"https:\/\/www.bastidedespins-vence.com\/en\/hebergements\/","og_site_name":"La Bastide des Pins","article_modified_time":"2026-04-27T13:27:45+00:00","twitter_card":"summary_large_image","twitter_misc":{"Est. reading time":"1 minute"},"schema":{"@context":"https:\/\/schema.org","@graph":[{"@type":"WebPage","@id":"https:\/\/www.bastidedespins-vence.com\/en\/hebergements\/","url":"https:\/\/www.bastidedespins-vence.com\/en\/hebergements\/","name":"Bed & Breakfast \u00e0 Vence, Var, C\u00f4te d'Azur, B&B French Riviera - La Bastide des Pins","isPartOf":{"@id":"https:\/\/www.bastidedespins-vence.com\/en\/#website"},"datePublished":"2018-02-12T13:25:04+00:00","dateModified":"2026-04-27T13:27:45+00:00","description":"La Bastide des Pins vous propose ses trois chambres d'h\u00f4tes de charme avec vue panoramique sur la M\u00e9diterran\u00e9e et la C\u00f4te d'Azur.","breadcrumb":{"@id":"https:\/\/www.bastidedespins-vence.com\/en\/hebergements\/#breadcrumb"},"inLanguage":"en-US","potentialAction":[{"@type":"ReadAction","target":[["https:\/\/www.bastidedespins-vence.com\/en\/hebergements\/"]]}]},{"@type":"BreadcrumbList","@id":"https:\/\/www.bastidedespins-vence.com\/en\/hebergements\/#breadcrumb","itemListElement":[{"@type":"ListItem","position":1,"name":"Accueil","item":"https:\/\/www.bastidedespins-vence.com\/en\/"},{"@type":"ListItem","position":2,"name":"Chambres d&rsquo;h\u00f4tes"}]},{"@type":"WebSite","@id":"https:\/\/www.bastidedespins-vence.com\/en\/#website","url":"https:\/\/www.bastidedespins-vence.com\/en\/","name":"La Bastide des Pins","description":"G\u00eete &amp; Chambres d&#039;H\u00f4tes \u00e0 Vence sur la C\u00f4te d&#039;Azur","potentialAction":[{"@type":"SearchAction","target":{"@type":"EntryPoint","urlTemplate":"https:\/\/www.bastidedespins-vence.com\/en\/?s={search_term_string}"},"query-input":{"@type":"PropertyValueSpecification","valueRequired":true,"valueName":"search_term_string"}}],"inLanguage":"en-US"}]}},"_links":{"self":[{"href":"https:\/\/www.bastidedespins-vence.com\/en\/wp-json\/wp\/v2\/pages\/957","targetHints":{"allow":["GET"]}}],"collection":[{"href":"https:\/\/www.bastidedespins-vence.com\/en\/wp-json\/wp\/v2\/pages"}],"about":[{"href":"https:\/\/www.bastidedespins-vence.com\/en\/wp-json\/wp\/v2\/types\/page"}],"author":[{"embeddable":true,"href":"https:\/\/www.bastidedespins-vence.com\/en\/wp-json\/wp\/v2\/users\/1"}],"replies":[{"embeddable":true,"href":"https:\/\/www.bastidedespins-vence.com\/en\/wp-json\/wp\/v2\/comments?post=957"}],"version-history":[{"count":45,"href":"https:\/\/www.bastidedespins-vence.com\/en\/wp-json\/wp\/v2\/pages\/957\/revisions"}],"predecessor-version":[{"id":1775,"href":"https:\/\/www.bastidedespins-vence.com\/en\/wp-json\/wp\/v2\/pages\/957\/revisions\/1775"}],"wp:attachment":[{"href":"https:\/\/www.bastidedespins-vence.com\/en\/wp-json\/wp\/v2\/media?parent=957"}],"curies":[{"name":"wp","href":"https:\/\/api.w.org\/{rel}","templated":true}]}}