{"id":955,"date":"2018-02-12T14:23:57","date_gmt":"2018-02-12T13:23:57","guid":{"rendered":"http:\/\/wp.syxago.fr\/bastidedespins-vence.com\/?page_id=955"},"modified":"2020-12-29T12:48:34","modified_gmt":"2020-12-29T11:48:34","slug":"petit-dejeuner","status":"publish","type":"page","link":"https:\/\/www.bastidedespins-vence.com\/en\/petit-dejeuner\/","title":{"rendered":"Breakfast"},"content":{"rendered":"<div class=\"wpb-content-wrapper\"><p>[vc_row type=&#8221;vc_default&#8221;][vc_column][vc_empty_space height=&#8221;60px&#8221;]<div id=\"ultimate-heading-317969dec745950fa\" class=\"uvc-heading ult-adjust-bottom-margin ultimate-heading-317969dec745950fa uvc-1258 \" data-hspacer=\"no_spacer\"  data-halign=\"left\" style=\"text-align:left\"><div class=\"uvc-heading-spacer no_spacer\" style=\"top\"><\/div><div class=\"uvc-main-heading ult-responsive\"  data-ultimate-target='.uvc-heading.ultimate-heading-317969dec745950fa h2'  data-responsive-json-new='{\"font-size\":\"desktop:60px;tablet:45px;tablet_portrait:40px;mobile_landscape:35px;mobile:30px;\",\"line-height\":\"desktop:60px;tablet:45px;tablet_portrait:40px;mobile_landscape:35px;mobile:30px;\"}' ><h2 style=\"font-family:&#039;Great Vibes&#039;;--font-weight:theme;color:#4c4c4c;margin-bottom:30px;\">Breakfast<\/h2><\/div><\/div>[vc_column_text css=&#8221;.vc_custom_1609242470060{padding-bottom: 35px !important;}&#8221;]We offer a continental breakfast served in front of the infinity pool overlooking the enchanting panoramic view on the sea and the Cap d\u2019Antibes.<\/p>\n<p>It includes organic, local, seasonal and homemade products.[\/vc_column_text][\/vc_column][\/vc_row]<\/p>\n<\/div>","protected":false},"excerpt":{"rendered":"<p>[vc_row type=&#8221;vc_default&#8221;][vc_column][vc_empty_space height=&#8221;60px&#8221;][vc_column_text css=&#8221;.vc_custom_1609242470060{padding-bottom: 35px !important;}&#8221;]We offer a continental breakfast served in front of the infinity pool overlooking the enchanting panoramic view on the sea and the Cap d\u2019Antibes. It includes organic, local, seasonal and homemade products.[\/vc_column_text][\/vc_column][\/vc_row]<\/p>\n","protected":false},"author":1,"featured_media":0,"parent":0,"menu_order":0,"comment_status":"closed","ping_status":"closed","template":"","meta":{"footnotes":""},"class_list":["post-955","page","type-page","status-publish","hentry","description-off"],"yoast_head":"<!-- This site is optimized with the Yoast SEO plugin v27.4 - https:\/\/yoast.com\/product\/yoast-seo-wordpress\/ -->\n<title>Breakfast - La Bastide des Pins<\/title>\n<meta name=\"robots\" content=\"index, follow, max-snippet:-1, max-image-preview:large, max-video-preview:-1\" \/>\n<link rel=\"canonical\" href=\"https:\/\/www.bastidedespins-vence.com\/en\/petit-dejeuner\/\" \/>\n<meta property=\"og:locale\" content=\"en_US\" \/>\n<meta property=\"og:type\" content=\"article\" \/>\n<meta property=\"og:title\" content=\"Breakfast - La Bastide des Pins\" \/>\n<meta property=\"og:description\" content=\"[vc_row type=&#8221;vc_default&#8221;][vc_column][vc_empty_space height=&#8221;60px&#8221;][vc_column_text css=&#8221;.vc_custom_1609242470060{padding-bottom: 35px !important;}&#8221;]We offer a continental breakfast served in front of the infinity pool overlooking the enchanting panoramic view on the sea and the Cap d\u2019Antibes. It includes organic, local, seasonal and homemade products.[\/vc_column_text][\/vc_column][\/vc_row]\" \/>\n<meta property=\"og:url\" content=\"https:\/\/www.bastidedespins-vence.com\/en\/petit-dejeuner\/\" \/>\n<meta property=\"og:site_name\" content=\"La Bastide des Pins\" \/>\n<meta property=\"article:modified_time\" content=\"2020-12-29T11:48:34+00:00\" \/>\n<meta name=\"twitter:card\" content=\"summary_large_image\" \/>\n<meta name=\"twitter:label1\" content=\"Est. reading time\" \/>\n\t<meta name=\"twitter:data1\" content=\"2 minutes\" \/>\n<script type=\"application\/ld+json\" class=\"yoast-schema-graph\">{\"@context\":\"https:\\\/\\\/schema.org\",\"@graph\":[{\"@type\":\"WebPage\",\"@id\":\"https:\\\/\\\/www.bastidedespins-vence.com\\\/en\\\/petit-dejeuner\\\/\",\"url\":\"https:\\\/\\\/www.bastidedespins-vence.com\\\/en\\\/petit-dejeuner\\\/\",\"name\":\"Breakfast - La Bastide des Pins\",\"isPartOf\":{\"@id\":\"https:\\\/\\\/www.bastidedespins-vence.com\\\/en\\\/#website\"},\"datePublished\":\"2018-02-12T13:23:57+00:00\",\"dateModified\":\"2020-12-29T11:48:34+00:00\",\"breadcrumb\":{\"@id\":\"https:\\\/\\\/www.bastidedespins-vence.com\\\/en\\\/petit-dejeuner\\\/#breadcrumb\"},\"inLanguage\":\"en-US\",\"potentialAction\":[{\"@type\":\"ReadAction\",\"target\":[[\"https:\\\/\\\/www.bastidedespins-vence.com\\\/en\\\/petit-dejeuner\\\/\"]]}]},{\"@type\":\"BreadcrumbList\",\"@id\":\"https:\\\/\\\/www.bastidedespins-vence.com\\\/en\\\/petit-dejeuner\\\/#breadcrumb\",\"itemListElement\":[{\"@type\":\"ListItem\",\"position\":1,\"name\":\"Accueil\",\"item\":\"https:\\\/\\\/www.bastidedespins-vence.com\\\/en\\\/\"},{\"@type\":\"ListItem\",\"position\":2,\"name\":\"Petit-d\u00e9jeuner\"}]},{\"@type\":\"WebSite\",\"@id\":\"https:\\\/\\\/www.bastidedespins-vence.com\\\/en\\\/#website\",\"url\":\"https:\\\/\\\/www.bastidedespins-vence.com\\\/en\\\/\",\"name\":\"La Bastide des Pins\",\"description\":\"G\u00eete &amp; Chambres d&#039;H\u00f4tes \u00e0 Vence sur la C\u00f4te d&#039;Azur\",\"potentialAction\":[{\"@type\":\"SearchAction\",\"target\":{\"@type\":\"EntryPoint\",\"urlTemplate\":\"https:\\\/\\\/www.bastidedespins-vence.com\\\/en\\\/?s={search_term_string}\"},\"query-input\":{\"@type\":\"PropertyValueSpecification\",\"valueRequired\":true,\"valueName\":\"search_term_string\"}}],\"inLanguage\":\"en-US\"}]}<\/script>\n<!-- \/ Yoast SEO plugin. -->","yoast_head_json":{"title":"Breakfast - La Bastide des Pins","robots":{"index":"index","follow":"follow","max-snippet":"max-snippet:-1","max-image-preview":"max-image-preview:large","max-video-preview":"max-video-preview:-1"},"canonical":"https:\/\/www.bastidedespins-vence.com\/en\/petit-dejeuner\/","og_locale":"en_US","og_type":"article","og_title":"Breakfast - La Bastide des Pins","og_description":"[vc_row type=&#8221;vc_default&#8221;][vc_column][vc_empty_space height=&#8221;60px&#8221;][vc_column_text css=&#8221;.vc_custom_1609242470060{padding-bottom: 35px !important;}&#8221;]We offer a continental breakfast served in front of the infinity pool overlooking the enchanting panoramic view on the sea and the Cap d\u2019Antibes. It includes organic, local, seasonal and homemade products.[\/vc_column_text][\/vc_column][\/vc_row]","og_url":"https:\/\/www.bastidedespins-vence.com\/en\/petit-dejeuner\/","og_site_name":"La Bastide des Pins","article_modified_time":"2020-12-29T11:48:34+00:00","twitter_card":"summary_large_image","twitter_misc":{"Est. reading time":"2 minutes"},"schema":{"@context":"https:\/\/schema.org","@graph":[{"@type":"WebPage","@id":"https:\/\/www.bastidedespins-vence.com\/en\/petit-dejeuner\/","url":"https:\/\/www.bastidedespins-vence.com\/en\/petit-dejeuner\/","name":"Breakfast - La Bastide des Pins","isPartOf":{"@id":"https:\/\/www.bastidedespins-vence.com\/en\/#website"},"datePublished":"2018-02-12T13:23:57+00:00","dateModified":"2020-12-29T11:48:34+00:00","breadcrumb":{"@id":"https:\/\/www.bastidedespins-vence.com\/en\/petit-dejeuner\/#breadcrumb"},"inLanguage":"en-US","potentialAction":[{"@type":"ReadAction","target":[["https:\/\/www.bastidedespins-vence.com\/en\/petit-dejeuner\/"]]}]},{"@type":"BreadcrumbList","@id":"https:\/\/www.bastidedespins-vence.com\/en\/petit-dejeuner\/#breadcrumb","itemListElement":[{"@type":"ListItem","position":1,"name":"Accueil","item":"https:\/\/www.bastidedespins-vence.com\/en\/"},{"@type":"ListItem","position":2,"name":"Petit-d\u00e9jeuner"}]},{"@type":"WebSite","@id":"https:\/\/www.bastidedespins-vence.com\/en\/#website","url":"https:\/\/www.bastidedespins-vence.com\/en\/","name":"La Bastide des Pins","description":"G\u00eete &amp; Chambres d&#039;H\u00f4tes \u00e0 Vence sur la C\u00f4te d&#039;Azur","potentialAction":[{"@type":"SearchAction","target":{"@type":"EntryPoint","urlTemplate":"https:\/\/www.bastidedespins-vence.com\/en\/?s={search_term_string}"},"query-input":{"@type":"PropertyValueSpecification","valueRequired":true,"valueName":"search_term_string"}}],"inLanguage":"en-US"}]}},"_links":{"self":[{"href":"https:\/\/www.bastidedespins-vence.com\/en\/wp-json\/wp\/v2\/pages\/955","targetHints":{"allow":["GET"]}}],"collection":[{"href":"https:\/\/www.bastidedespins-vence.com\/en\/wp-json\/wp\/v2\/pages"}],"about":[{"href":"https:\/\/www.bastidedespins-vence.com\/en\/wp-json\/wp\/v2\/types\/page"}],"author":[{"embeddable":true,"href":"https:\/\/www.bastidedespins-vence.com\/en\/wp-json\/wp\/v2\/users\/1"}],"replies":[{"embeddable":true,"href":"https:\/\/www.bastidedespins-vence.com\/en\/wp-json\/wp\/v2\/comments?post=955"}],"version-history":[{"count":8,"href":"https:\/\/www.bastidedespins-vence.com\/en\/wp-json\/wp\/v2\/pages\/955\/revisions"}],"predecessor-version":[{"id":1479,"href":"https:\/\/www.bastidedespins-vence.com\/en\/wp-json\/wp\/v2\/pages\/955\/revisions\/1479"}],"wp:attachment":[{"href":"https:\/\/www.bastidedespins-vence.com\/en\/wp-json\/wp\/v2\/media?parent=955"}],"curies":[{"name":"wp","href":"https:\/\/api.w.org\/{rel}","templated":true}]}}