{"id":953,"date":"2018-02-12T14:22:54","date_gmt":"2018-02-12T13:22:54","guid":{"rendered":"http:\/\/wp.syxago.fr\/bastidedespins-vence.com\/?page_id=953"},"modified":"2025-03-03T08:30:54","modified_gmt":"2025-03-03T07:30:54","slug":"gite-les-citronniers","status":"publish","type":"page","link":"https:\/\/www.bastidedespins-vence.com\/en\/gite-les-citronniers\/","title":{"rendered":"Cottage"},"content":{"rendered":"<div class=\"wpb-content-wrapper\"><p>[vc_row type=&#8221;vc_default&#8221;][vc_column][vc_empty_space height=&#8221;60px&#8221;]<div id=\"ultimate-heading-502969e1c74888b9b\" class=\"uvc-heading ult-adjust-bottom-margin ultimate-heading-502969e1c74888b9b uvc-1518 \" data-hspacer=\"no_spacer\"  data-halign=\"left\" style=\"text-align:left\"><div class=\"uvc-heading-spacer no_spacer\" style=\"top\"><\/div><div class=\"uvc-main-heading ult-responsive\"  data-ultimate-target='.uvc-heading.ultimate-heading-502969e1c74888b9b h2'  data-responsive-json-new='{\"font-size\":\"desktop:60px;tablet:45px;tablet_portrait:40px;mobile_landscape:35px;mobile:30px;\",\"line-height\":\"desktop:60px;tablet:45px;tablet_portrait:40px;mobile_landscape:35px;mobile:30px;\"}' ><h2 style=\"font-family:&#039;Great Vibes&#039;;--font-weight:theme;color:#4c4c4c;margin-bottom:30px;\">Les Citronniers apartment<\/h2><\/div><\/div>[\/vc_column][\/vc_row][vc_row][vc_column][vc_column_text css=&#8221;.vc_custom_1609776044132{padding-bottom: 35px !important;}&#8221;]<\/p>\n<p style=\"text-align: center; font-size: 22px; line-height: 32px;\">This ground-floor flat includes a cosy living room and Mediterranean style bedroom. It opens onto<br \/>\ntwo private gardens imbued with the aromas of Provence and overlooking the Mediterranean Sea with access to the infinity pool.<\/p>\n<p>[\/vc_column_text][\/vc_column][\/vc_row][vc_row][vc_column][vc_column_text]<\/p>\n<h4 style=\"text-align: center;\">Book this apartment<\/h4>\n<p style=\"text-align: center;\">Get commission-free special rates by booking your holiday direct with us. Thanks to this direct contact we can respond to all your wishes and all your questions.<\/p>\n<p>[\/vc_column_text][vc_column_text]\n<div class=\"wpcf7 no-js\" id=\"wpcf7-f1358-o2\" lang=\"fr-FR\" dir=\"ltr\" data-wpcf7-id=\"1358\">\n<div class=\"screen-reader-response\"><p role=\"status\" aria-live=\"polite\" aria-atomic=\"true\"><\/p> <ul><\/ul><\/div>\n<form action=\"\/en\/wp-json\/wp\/v2\/pages\/953#wpcf7-f1358-o2\" method=\"post\" class=\"wpcf7-form init\" aria-label=\"Formulaire de contact\" novalidate=\"novalidate\" data-status=\"init\">\n<fieldset class=\"hidden-fields-container\"><input type=\"hidden\" name=\"_wpcf7\" value=\"1358\" \/><input type=\"hidden\" name=\"_wpcf7_version\" value=\"6.1.5\" \/><input type=\"hidden\" name=\"_wpcf7_locale\" value=\"fr_FR\" \/><input type=\"hidden\" name=\"_wpcf7_unit_tag\" value=\"wpcf7-f1358-o2\" \/><input type=\"hidden\" name=\"_wpcf7_container_post\" value=\"0\" \/><input type=\"hidden\" name=\"_wpcf7_posted_data_hash\" value=\"\" \/>\n<\/fieldset>\n<div class=\"longform\">\n\t<p><label  style=\"color:black;\"> Name<br \/>\n<span class=\"wpcf7-form-control-wrap\" data-name=\"your-name\"><input size=\"40\" maxlength=\"400\" class=\"wpcf7-form-control wpcf7-text wpcf7-validates-as-required\" aria-required=\"true\" aria-invalid=\"false\" value=\"\" type=\"text\" name=\"your-name\" \/><\/span> <\/label>\n\t<\/p>\n\t<p><label  style=\"color:black;\"> Email<br \/>\n<span class=\"wpcf7-form-control-wrap\" data-name=\"your-email\"><input size=\"40\" maxlength=\"400\" class=\"wpcf7-form-control wpcf7-email wpcf7-validates-as-required wpcf7-text wpcf7-validates-as-email\" aria-required=\"true\" aria-invalid=\"false\" value=\"\" type=\"email\" name=\"your-email\" \/><\/span> <\/label>\n\t<\/p>\n\t<p><label style=\"color:black;\">Address<br \/>\n<span class=\"wpcf7-form-control-wrap\" data-name=\"text-575\"><input size=\"40\" maxlength=\"400\" class=\"wpcf7-form-control wpcf7-text\" aria-invalid=\"false\" value=\"\" type=\"text\" name=\"text-575\" \/><\/span><\/label>\n\t<\/p>\n\t<p><label style=\"color:black;\">Phone number<br \/>\n<span class=\"wpcf7-form-control-wrap\" data-name=\"text-576\"><input size=\"40\" maxlength=\"400\" class=\"wpcf7-form-control wpcf7-text\" aria-invalid=\"false\" value=\"\" type=\"text\" name=\"text-576\" \/><\/span><\/label>\n\t<\/p>\n<\/div>\n<div class=\"longform\">\n\t<p><label  style=\"color:black;\"> Check-in date<br \/>\n<span class=\"wpcf7-form-control-wrap\" data-name=\"date-93\"><input class=\"wpcf7-form-control wpcf7-date wpcf7-validates-as-required wpcf7-validates-as-date\" min=\"2018-02-13\" max=\"2030-01-01\" aria-required=\"true\" aria-invalid=\"false\" value=\"\" type=\"date\" name=\"date-93\" \/><\/span><\/label>\n\t<\/p>\n\t<p><label  style=\"color:black;\"> Check-out date<br \/>\n<span class=\"wpcf7-form-control-wrap\" data-name=\"date-94\"><input class=\"wpcf7-form-control wpcf7-date wpcf7-validates-as-required wpcf7-validates-as-date\" min=\"2018-02-13\" max=\"2030-01-01\" aria-required=\"true\" aria-invalid=\"false\" value=\"\" type=\"date\" name=\"date-94\" \/><\/span><\/label>\n\t<\/p>\n\t<p><label  style=\"color:black;\">How many adults<br \/>\n<span class=\"wpcf7-form-control-wrap\" data-name=\"number-193\"><input class=\"wpcf7-form-control wpcf7-number wpcf7-validates-as-required wpcf7-validates-as-number\" min=\"1\" max=\"10\" aria-required=\"true\" aria-invalid=\"false\" value=\"\" type=\"number\" name=\"number-193\" \/><\/span><\/label>\n\t<\/p>\n\t<p><label  style=\"color:black;\">How many children<br \/>\n<span class=\"wpcf7-form-control-wrap\" data-name=\"number-986\"><input class=\"wpcf7-form-control wpcf7-number wpcf7-validates-as-number\" min=\"0\" max=\"10\" aria-invalid=\"false\" value=\"\" type=\"number\" name=\"number-986\" \/><\/span><\/label>\n\t<\/p>\n<\/div>\n<div class=\"longform\">\n\t<p><label  style=\"color:black;\"> Message<br \/>\n<span class=\"wpcf7-form-control-wrap\" data-name=\"textarea-687\"><textarea cols=\"40\" rows=\"4\" maxlength=\"2000\" class=\"wpcf7-form-control wpcf7-textarea\" aria-invalid=\"false\" name=\"textarea-687\"><\/textarea><\/span><\/label>\n\t<\/p>\n\t<div style=\"padding-top:19px;\">\n\t<div class=\"wpcf7-turnstile cf-turnstile\" data-sitekey=\"0x4AAAAAABBlAuK_OmzFp6HP\" data-response-field-name=\"_wpcf7_turnstile_response\"><\/div>\n\t\t<p><input class=\"wpcf7-form-control wpcf7-submit has-spinner\" type=\"submit\" value=\"Send\" \/>\n\t\t<\/p>\n\t<\/div>\n<\/div><div class=\"wpcf7-response-output\" aria-hidden=\"true\"><\/div>\n<\/form>\n<\/div>\n[\/vc_column_text][vc_empty_space height=&#8221;40px&#8221;][\/vc_column][\/vc_row][vc_row][vc_column][vc_column_text]<\/p>\n<h2 class=\"western\">Description<\/h2>\n<p>[\/vc_column_text][vc_row_inner][vc_column_inner width=&#8221;1\/6&#8243;][vc_single_image image=&#8221;1149&#8243; img_size=&#8221;32&#215;32&#8243; alignment=&#8221;center&#8221;][vc_column_text]<\/p>\n<p style=\"text-align: center;\">Sea view<\/p>\n<p>[\/vc_column_text][\/vc_column_inner][vc_column_inner width=&#8221;1\/6&#8243;][vc_single_image image=&#8221;1158&#8243; img_size=&#8221;32&#215;32&#8243; alignment=&#8221;center&#8221;][vc_column_text]<\/p>\n<p style=\"text-align: center;\">private gardens<\/p>\n<p>[\/vc_column_text][\/vc_column_inner][vc_column_inner width=&#8221;1\/6&#8243;][vc_single_image image=&#8221;1147&#8243; img_size=&#8221;32&#215;32&#8243; alignment=&#8221;center&#8221;][vc_column_text]<\/p>\n<p style=\"text-align: center;\">2-3 adults or 2 adults with 2 children<\/p>\n<p>[\/vc_column_text][\/vc_column_inner][vc_column_inner width=&#8221;1\/6&#8243;][vc_single_image image=&#8221;1153&#8243; img_size=&#8221;32&#215;32&#8243; alignment=&#8221;center&#8221;][vc_column_text]<\/p>\n<p style=\"text-align: center;\">Wifi<\/p>\n<p>[\/vc_column_text][\/vc_column_inner][vc_column_inner width=&#8221;1\/6&#8243;][vc_single_image image=&#8221;1549&#8243; img_size=&#8221;32&#215;32&#8243; alignment=&#8221;center&#8221;][vc_column_text]<\/p>\n<p style=\"text-align: center;\">Infinity pool<\/p>\n<p>[\/vc_column_text][\/vc_column_inner][\/vc_row_inner][\/vc_column][\/vc_row][vc_row][vc_column][vc_separator][\/vc_column][\/vc_row][vc_row][vc_column width=&#8221;1\/2&#8243;][vc_column_text]<\/p>\n<ul>\n<li>A well-equipped kitchen area with dishwasher, washing machine, oven, microwave, 4 burner hob, fridge-freezer, toaster, traditional and Nespresso coffee makers, kettle, juice machine<\/li>\n<li>A living room with sofa bed, TV, DVD player, radio and CD player<\/li>\n<li>Broadband Wifi Internet access<\/li>\n<\/ul>\n<p>[\/vc_column_text][\/vc_column][vc_column width=&#8221;1\/2&#8243;][vc_column_text]<\/p>\n<ul>\n<li>A room furnished with a Queen size bed and a modern Italian shower<\/li>\n<li>Large dressing room<\/li>\n<li>Cots available<\/li>\n<\/ul>\n<p>[\/vc_column_text][\/vc_column][\/vc_row][vc_row][vc_column][vc_separator][\/vc_column][\/vc_row][vc_row][vc_column width=&#8221;1\/2&#8243;][vc_column_text css=&#8221;&#8221;]<b>Check in : <\/b>4pm &#8211; 7pm<\/p>\n<p><b>Departure : <\/b>11am<\/p>\n<p><b>Price for 2 persons per week : <\/b> from \u20ac1260<\/p>\n<p>[\/vc_column_text][\/vc_column][vc_column width=&#8221;1\/2&#8243;][vc_column_text]<i>4-night stay minimum<\/i>.[\/vc_column_text][\/vc_column][\/vc_row]<\/p>\n<\/div>","protected":false},"excerpt":{"rendered":"<p>[vc_row type=&#8221;vc_default&#8221;][vc_column][vc_empty_space height=&#8221;60px&#8221;][\/vc_column][\/vc_row][vc_row][vc_column][vc_column_text css=&#8221;.vc_custom_1609776044132{padding-bottom: 35px !important;}&#8221;] This ground-floor flat includes a cosy living room and Mediterranean style bedroom. It opens onto two private gardens imbued with the aromas of Provence and overlooking the Mediterranean Sea with access to the infinity pool. [\/vc_column_text][\/vc_column][\/vc_row][vc_row][vc_column][vc_column_text] Book this apartment Get commission-free special rates by booking your holiday direct with&hellip;<\/p>\n","protected":false},"author":1,"featured_media":0,"parent":0,"menu_order":0,"comment_status":"closed","ping_status":"closed","template":"","meta":{"footnotes":""},"class_list":["post-953","page","type-page","status-publish","hentry","description-off"],"yoast_head":"<!-- This site is optimized with the Yoast SEO plugin v27.4 - https:\/\/yoast.com\/product\/yoast-seo-wordpress\/ -->\n<title>Cottage - La Bastide des Pins<\/title>\n<meta name=\"robots\" content=\"index, follow, max-snippet:-1, max-image-preview:large, max-video-preview:-1\" \/>\n<link rel=\"canonical\" href=\"https:\/\/www.bastidedespins-vence.com\/en\/gite-les-citronniers\/\" \/>\n<meta property=\"og:locale\" content=\"en_US\" \/>\n<meta property=\"og:type\" content=\"article\" \/>\n<meta property=\"og:title\" content=\"Cottage - La Bastide des Pins\" \/>\n<meta property=\"og:description\" content=\"[vc_row type=&#8221;vc_default&#8221;][vc_column][vc_empty_space height=&#8221;60px&#8221;][\/vc_column][\/vc_row][vc_row][vc_column][vc_column_text css=&#8221;.vc_custom_1609776044132{padding-bottom: 35px !important;}&#8221;] This ground-floor flat includes a cosy living room and Mediterranean style bedroom. It opens onto two private gardens imbued with the aromas of Provence and overlooking the Mediterranean Sea with access to the infinity pool. [\/vc_column_text][\/vc_column][\/vc_row][vc_row][vc_column][vc_column_text] Book this apartment Get commission-free special rates by booking your holiday direct with&hellip;\" \/>\n<meta property=\"og:url\" content=\"https:\/\/www.bastidedespins-vence.com\/en\/gite-les-citronniers\/\" \/>\n<meta property=\"og:site_name\" content=\"La Bastide des Pins\" \/>\n<meta property=\"article:modified_time\" content=\"2025-03-03T07:30:54+00:00\" \/>\n<meta name=\"twitter:card\" content=\"summary_large_image\" \/>\n<meta name=\"twitter:label1\" content=\"Est. reading time\" \/>\n\t<meta name=\"twitter:data1\" content=\"4 minutes\" \/>\n<script type=\"application\/ld+json\" class=\"yoast-schema-graph\">{\"@context\":\"https:\\\/\\\/schema.org\",\"@graph\":[{\"@type\":\"WebPage\",\"@id\":\"https:\\\/\\\/www.bastidedespins-vence.com\\\/en\\\/gite-les-citronniers\\\/\",\"url\":\"https:\\\/\\\/www.bastidedespins-vence.com\\\/en\\\/gite-les-citronniers\\\/\",\"name\":\"Cottage - La Bastide des Pins\",\"isPartOf\":{\"@id\":\"https:\\\/\\\/www.bastidedespins-vence.com\\\/en\\\/#website\"},\"datePublished\":\"2018-02-12T13:22:54+00:00\",\"dateModified\":\"2025-03-03T07:30:54+00:00\",\"breadcrumb\":{\"@id\":\"https:\\\/\\\/www.bastidedespins-vence.com\\\/en\\\/gite-les-citronniers\\\/#breadcrumb\"},\"inLanguage\":\"en-US\",\"potentialAction\":[{\"@type\":\"ReadAction\",\"target\":[[\"https:\\\/\\\/www.bastidedespins-vence.com\\\/en\\\/gite-les-citronniers\\\/\"]]}]},{\"@type\":\"BreadcrumbList\",\"@id\":\"https:\\\/\\\/www.bastidedespins-vence.com\\\/en\\\/gite-les-citronniers\\\/#breadcrumb\",\"itemListElement\":[{\"@type\":\"ListItem\",\"position\":1,\"name\":\"Accueil\",\"item\":\"https:\\\/\\\/www.bastidedespins-vence.com\\\/en\\\/\"},{\"@type\":\"ListItem\",\"position\":2,\"name\":\"G\u00eete\"}]},{\"@type\":\"WebSite\",\"@id\":\"https:\\\/\\\/www.bastidedespins-vence.com\\\/en\\\/#website\",\"url\":\"https:\\\/\\\/www.bastidedespins-vence.com\\\/en\\\/\",\"name\":\"La Bastide des Pins\",\"description\":\"G\u00eete &amp; Chambres d&#039;H\u00f4tes \u00e0 Vence sur la C\u00f4te d&#039;Azur\",\"potentialAction\":[{\"@type\":\"SearchAction\",\"target\":{\"@type\":\"EntryPoint\",\"urlTemplate\":\"https:\\\/\\\/www.bastidedespins-vence.com\\\/en\\\/?s={search_term_string}\"},\"query-input\":{\"@type\":\"PropertyValueSpecification\",\"valueRequired\":true,\"valueName\":\"search_term_string\"}}],\"inLanguage\":\"en-US\"}]}<\/script>\n<!-- \/ Yoast SEO plugin. -->","yoast_head_json":{"title":"Cottage - La Bastide des Pins","robots":{"index":"index","follow":"follow","max-snippet":"max-snippet:-1","max-image-preview":"max-image-preview:large","max-video-preview":"max-video-preview:-1"},"canonical":"https:\/\/www.bastidedespins-vence.com\/en\/gite-les-citronniers\/","og_locale":"en_US","og_type":"article","og_title":"Cottage - La Bastide des Pins","og_description":"[vc_row type=&#8221;vc_default&#8221;][vc_column][vc_empty_space height=&#8221;60px&#8221;][\/vc_column][\/vc_row][vc_row][vc_column][vc_column_text css=&#8221;.vc_custom_1609776044132{padding-bottom: 35px !important;}&#8221;] This ground-floor flat includes a cosy living room and Mediterranean style bedroom. It opens onto two private gardens imbued with the aromas of Provence and overlooking the Mediterranean Sea with access to the infinity pool. [\/vc_column_text][\/vc_column][\/vc_row][vc_row][vc_column][vc_column_text] Book this apartment Get commission-free special rates by booking your holiday direct with&hellip;","og_url":"https:\/\/www.bastidedespins-vence.com\/en\/gite-les-citronniers\/","og_site_name":"La Bastide des Pins","article_modified_time":"2025-03-03T07:30:54+00:00","twitter_card":"summary_large_image","twitter_misc":{"Est. reading time":"4 minutes"},"schema":{"@context":"https:\/\/schema.org","@graph":[{"@type":"WebPage","@id":"https:\/\/www.bastidedespins-vence.com\/en\/gite-les-citronniers\/","url":"https:\/\/www.bastidedespins-vence.com\/en\/gite-les-citronniers\/","name":"Cottage - La Bastide des Pins","isPartOf":{"@id":"https:\/\/www.bastidedespins-vence.com\/en\/#website"},"datePublished":"2018-02-12T13:22:54+00:00","dateModified":"2025-03-03T07:30:54+00:00","breadcrumb":{"@id":"https:\/\/www.bastidedespins-vence.com\/en\/gite-les-citronniers\/#breadcrumb"},"inLanguage":"en-US","potentialAction":[{"@type":"ReadAction","target":[["https:\/\/www.bastidedespins-vence.com\/en\/gite-les-citronniers\/"]]}]},{"@type":"BreadcrumbList","@id":"https:\/\/www.bastidedespins-vence.com\/en\/gite-les-citronniers\/#breadcrumb","itemListElement":[{"@type":"ListItem","position":1,"name":"Accueil","item":"https:\/\/www.bastidedespins-vence.com\/en\/"},{"@type":"ListItem","position":2,"name":"G\u00eete"}]},{"@type":"WebSite","@id":"https:\/\/www.bastidedespins-vence.com\/en\/#website","url":"https:\/\/www.bastidedespins-vence.com\/en\/","name":"La Bastide des Pins","description":"G\u00eete &amp; Chambres d&#039;H\u00f4tes \u00e0 Vence sur la C\u00f4te d&#039;Azur","potentialAction":[{"@type":"SearchAction","target":{"@type":"EntryPoint","urlTemplate":"https:\/\/www.bastidedespins-vence.com\/en\/?s={search_term_string}"},"query-input":{"@type":"PropertyValueSpecification","valueRequired":true,"valueName":"search_term_string"}}],"inLanguage":"en-US"}]}},"_links":{"self":[{"href":"https:\/\/www.bastidedespins-vence.com\/en\/wp-json\/wp\/v2\/pages\/953","targetHints":{"allow":["GET"]}}],"collection":[{"href":"https:\/\/www.bastidedespins-vence.com\/en\/wp-json\/wp\/v2\/pages"}],"about":[{"href":"https:\/\/www.bastidedespins-vence.com\/en\/wp-json\/wp\/v2\/types\/page"}],"author":[{"embeddable":true,"href":"https:\/\/www.bastidedespins-vence.com\/en\/wp-json\/wp\/v2\/users\/1"}],"replies":[{"embeddable":true,"href":"https:\/\/www.bastidedespins-vence.com\/en\/wp-json\/wp\/v2\/comments?post=953"}],"version-history":[{"count":39,"href":"https:\/\/www.bastidedespins-vence.com\/en\/wp-json\/wp\/v2\/pages\/953\/revisions"}],"predecessor-version":[{"id":1740,"href":"https:\/\/www.bastidedespins-vence.com\/en\/wp-json\/wp\/v2\/pages\/953\/revisions\/1740"}],"wp:attachment":[{"href":"https:\/\/www.bastidedespins-vence.com\/en\/wp-json\/wp\/v2\/media?parent=953"}],"curies":[{"name":"wp","href":"https:\/\/api.w.org\/{rel}","templated":true}]}}