{"id":495,"date":"2016-07-06T13:59:31","date_gmt":"2016-07-06T11:59:31","guid":{"rendered":"http:\/\/the7.dream-demo.com\/demo\/restaurant\/?page_id=2"},"modified":"2023-05-31T09:39:14","modified_gmt":"2023-05-31T07:39:14","slug":"home","status":"publish","type":"page","link":"https:\/\/www.bastidedespins-vence.com\/en\/","title":{"rendered":"The Bastide"},"content":{"rendered":"<div class=\"wpb-content-wrapper\"><p>[vc_row type=&#8221;vc_default&#8221; css=&#8221;.vc_custom_1474232608981{padding-top: 30px !important;padding-bottom: 40px !important;}&#8221;][vc_column]<div id=\"ultimate-heading-482069e016af636d4\" class=\"uvc-heading ult-adjust-bottom-margin ultimate-heading-482069e016af636d4 uvc-3164 \" data-hspacer=\"no_spacer\"  data-halign=\"left\" style=\"text-align:left\"><div class=\"uvc-heading-spacer no_spacer\" style=\"top\"><\/div><div class=\"uvc-main-heading ult-responsive\"  data-ultimate-target='.uvc-heading.ultimate-heading-482069e016af636d4 h2'  data-responsive-json-new='{\"font-size\":\"desktop:50px;tablet:40px;tablet_portrait:40px;mobile_landscape:30px;mobile:30px;\",\"line-height\":\"desktop:60px;tablet:50px;tablet_portrait:50px;mobile_landscape:40px;mobile:40px;\"}' ><h2 style=\"font-family:&#039;Great Vibes&#039;;--font-weight:theme;color:#4a4a4a;margin-bottom:30px;\">Welcome to the Bastide des Pins<\/h2><\/div><\/div>[vc_column_text css=&#8221;.vc_custom_1685518686690{padding-bottom: 35px !important;}&#8221;]<span lang=\"en-US\">Nestling in outstanding surroundings in the heart of the French Riviera, Bastide des Pins boasts three\u00a0<\/span><span lang=\"en-US\">charming guest rooms and a separate apartment with panoramic view over the Mediterranean Sea. The infinity pool integrated into unspoiled nature promises unforgettable moments facing the sea.<\/span><\/p>\n<p><span lang=\"en-US\">Surrounded by lovely gardens full of fragrant aromas, live the good life in this authentic Bastide for a\u00a0<\/span><span lang=\"en-US\">relaxing and peaceful holiday.<\/span><\/p>\n<p><span lang=\"en-US\">Its extraordinary sea views and its proximity to some of the most beautiful hilltop villages make it an\u00a0<\/span><span lang=\"en-US\">ideal place to discover the C\u00f4te d&#8217;Azur\u2019s most famous tourist sites and beaches.<\/span>[\/vc_column_text][\/vc_column][\/vc_row][vc_row type=&#8221;vc_default&#8221; css=&#8221;.vc_custom_1685518307231{padding-top: 20px !important;padding-right: 20px !important;padding-bottom: 20px !important;padding-left: 20px !important;background-color: #f4f4f4 !important;border-radius: 20px !important;}&#8221;][vc_column width=&#8221;1\/6&#8243;][vc_single_image image=&#8221;1701&#8243; img_size=&#8221;full&#8221; onclick=&#8221;custom_link&#8221; img_link_target=&#8221;_blank&#8221; css_animation=&#8221;appear&#8221; link=&#8221;https:\/\/www.lefigaro.fr\/voyages\/hotels\/notre-guide-2023-des-plus-belles-chambres-d-hotes-en-france-20230421&#8243;][\/vc_column][vc_column width=&#8221;5\/6&#8243;][vc_column_text]<\/p>\n<h4>La Bastide des Pins was recognized in the 2023 Figaro Magazine guide as one of the 150 most beautiful bed and breakfast in France.<\/h4>\n<p>[\/vc_column_text][\/vc_column][\/vc_row]<\/p>\n<\/div>","protected":false},"excerpt":{"rendered":"<p>[vc_row type=&#8221;vc_default&#8221; css=&#8221;.vc_custom_1474232608981{padding-top: 30px !important;padding-bottom: 40px !important;}&#8221;][vc_column][vc_column_text css=&#8221;.vc_custom_1685518686690{padding-bottom: 35px !important;}&#8221;]Nestling in outstanding surroundings in the heart of the French Riviera, Bastide des Pins boasts three\u00a0charming guest rooms and a separate apartment with panoramic view over the Mediterranean Sea. The infinity pool integrated into unspoiled nature promises unforgettable moments facing the sea. Surrounded by lovely gardens&hellip;<\/p>\n","protected":false},"author":1,"featured_media":0,"parent":0,"menu_order":0,"comment_status":"closed","ping_status":"closed","template":"","meta":{"footnotes":""},"class_list":["post-495","page","type-page","status-publish","hentry","description-off"],"yoast_head":"<!-- This site is optimized with the Yoast SEO plugin v27.4 - https:\/\/yoast.com\/product\/yoast-seo-wordpress\/ -->\n<title>The Bastide - La Bastide des Pins<\/title>\n<meta name=\"robots\" content=\"index, follow, max-snippet:-1, max-image-preview:large, max-video-preview:-1\" \/>\n<link rel=\"canonical\" href=\"https:\/\/www.bastidedespins-vence.com\/en\/\" \/>\n<meta property=\"og:locale\" content=\"en_US\" \/>\n<meta property=\"og:type\" content=\"article\" \/>\n<meta property=\"og:title\" content=\"The Bastide - La Bastide des Pins\" \/>\n<meta property=\"og:description\" content=\"[vc_row type=&#8221;vc_default&#8221; css=&#8221;.vc_custom_1474232608981{padding-top: 30px !important;padding-bottom: 40px !important;}&#8221;][vc_column][vc_column_text css=&#8221;.vc_custom_1685518686690{padding-bottom: 35px !important;}&#8221;]Nestling in outstanding surroundings in the heart of the French Riviera, Bastide des Pins boasts three\u00a0charming guest rooms and a separate apartment with panoramic view over the Mediterranean Sea. The infinity pool integrated into unspoiled nature promises unforgettable moments facing the sea. Surrounded by lovely gardens&hellip;\" \/>\n<meta property=\"og:url\" content=\"https:\/\/www.bastidedespins-vence.com\/en\/\" \/>\n<meta property=\"og:site_name\" content=\"La Bastide des Pins\" \/>\n<meta property=\"article:modified_time\" content=\"2023-05-31T07:39:14+00:00\" \/>\n<meta name=\"twitter:card\" content=\"summary_large_image\" \/>\n<meta name=\"twitter:label1\" content=\"Est. reading time\" \/>\n\t<meta name=\"twitter:data1\" content=\"1 minute\" \/>\n<script type=\"application\/ld+json\" class=\"yoast-schema-graph\">{\"@context\":\"https:\\\/\\\/schema.org\",\"@graph\":[{\"@type\":\"WebPage\",\"@id\":\"https:\\\/\\\/www.bastidedespins-vence.com\\\/en\\\/\",\"url\":\"https:\\\/\\\/www.bastidedespins-vence.com\\\/en\\\/\",\"name\":\"The Bastide - La Bastide des Pins\",\"isPartOf\":{\"@id\":\"https:\\\/\\\/www.bastidedespins-vence.com\\\/en\\\/#website\"},\"datePublished\":\"2016-07-06T11:59:31+00:00\",\"dateModified\":\"2023-05-31T07:39:14+00:00\",\"breadcrumb\":{\"@id\":\"https:\\\/\\\/www.bastidedespins-vence.com\\\/en\\\/#breadcrumb\"},\"inLanguage\":\"en-US\",\"potentialAction\":[{\"@type\":\"ReadAction\",\"target\":[[\"https:\\\/\\\/www.bastidedespins-vence.com\\\/en\\\/\"]]}]},{\"@type\":\"BreadcrumbList\",\"@id\":\"https:\\\/\\\/www.bastidedespins-vence.com\\\/en\\\/#breadcrumb\",\"itemListElement\":[{\"@type\":\"ListItem\",\"position\":1,\"name\":\"Accueil\",\"item\":\"https:\\\/\\\/www.bastidedespins-vence.com\\\/en\\\/\"},{\"@type\":\"ListItem\",\"position\":2,\"name\":\"La Bastide\"}]},{\"@type\":\"WebSite\",\"@id\":\"https:\\\/\\\/www.bastidedespins-vence.com\\\/en\\\/#website\",\"url\":\"https:\\\/\\\/www.bastidedespins-vence.com\\\/en\\\/\",\"name\":\"La Bastide des Pins\",\"description\":\"G\u00eete &amp; Chambres d&#039;H\u00f4tes \u00e0 Vence sur la C\u00f4te d&#039;Azur\",\"potentialAction\":[{\"@type\":\"SearchAction\",\"target\":{\"@type\":\"EntryPoint\",\"urlTemplate\":\"https:\\\/\\\/www.bastidedespins-vence.com\\\/en\\\/?s={search_term_string}\"},\"query-input\":{\"@type\":\"PropertyValueSpecification\",\"valueRequired\":true,\"valueName\":\"search_term_string\"}}],\"inLanguage\":\"en-US\"}]}<\/script>\n<!-- \/ Yoast SEO plugin. -->","yoast_head_json":{"title":"The Bastide - La Bastide des Pins","robots":{"index":"index","follow":"follow","max-snippet":"max-snippet:-1","max-image-preview":"max-image-preview:large","max-video-preview":"max-video-preview:-1"},"canonical":"https:\/\/www.bastidedespins-vence.com\/en\/","og_locale":"en_US","og_type":"article","og_title":"The Bastide - La Bastide des Pins","og_description":"[vc_row type=&#8221;vc_default&#8221; css=&#8221;.vc_custom_1474232608981{padding-top: 30px !important;padding-bottom: 40px !important;}&#8221;][vc_column][vc_column_text css=&#8221;.vc_custom_1685518686690{padding-bottom: 35px !important;}&#8221;]Nestling in outstanding surroundings in the heart of the French Riviera, Bastide des Pins boasts three\u00a0charming guest rooms and a separate apartment with panoramic view over the Mediterranean Sea. The infinity pool integrated into unspoiled nature promises unforgettable moments facing the sea. Surrounded by lovely gardens&hellip;","og_url":"https:\/\/www.bastidedespins-vence.com\/en\/","og_site_name":"La Bastide des Pins","article_modified_time":"2023-05-31T07:39:14+00:00","twitter_card":"summary_large_image","twitter_misc":{"Est. reading time":"1 minute"},"schema":{"@context":"https:\/\/schema.org","@graph":[{"@type":"WebPage","@id":"https:\/\/www.bastidedespins-vence.com\/en\/","url":"https:\/\/www.bastidedespins-vence.com\/en\/","name":"The Bastide - La Bastide des Pins","isPartOf":{"@id":"https:\/\/www.bastidedespins-vence.com\/en\/#website"},"datePublished":"2016-07-06T11:59:31+00:00","dateModified":"2023-05-31T07:39:14+00:00","breadcrumb":{"@id":"https:\/\/www.bastidedespins-vence.com\/en\/#breadcrumb"},"inLanguage":"en-US","potentialAction":[{"@type":"ReadAction","target":[["https:\/\/www.bastidedespins-vence.com\/en\/"]]}]},{"@type":"BreadcrumbList","@id":"https:\/\/www.bastidedespins-vence.com\/en\/#breadcrumb","itemListElement":[{"@type":"ListItem","position":1,"name":"Accueil","item":"https:\/\/www.bastidedespins-vence.com\/en\/"},{"@type":"ListItem","position":2,"name":"La Bastide"}]},{"@type":"WebSite","@id":"https:\/\/www.bastidedespins-vence.com\/en\/#website","url":"https:\/\/www.bastidedespins-vence.com\/en\/","name":"La Bastide des Pins","description":"G\u00eete &amp; Chambres d&#039;H\u00f4tes \u00e0 Vence sur la C\u00f4te d&#039;Azur","potentialAction":[{"@type":"SearchAction","target":{"@type":"EntryPoint","urlTemplate":"https:\/\/www.bastidedespins-vence.com\/en\/?s={search_term_string}"},"query-input":{"@type":"PropertyValueSpecification","valueRequired":true,"valueName":"search_term_string"}}],"inLanguage":"en-US"}]}},"_links":{"self":[{"href":"https:\/\/www.bastidedespins-vence.com\/en\/wp-json\/wp\/v2\/pages\/495","targetHints":{"allow":["GET"]}}],"collection":[{"href":"https:\/\/www.bastidedespins-vence.com\/en\/wp-json\/wp\/v2\/pages"}],"about":[{"href":"https:\/\/www.bastidedespins-vence.com\/en\/wp-json\/wp\/v2\/types\/page"}],"author":[{"embeddable":true,"href":"https:\/\/www.bastidedespins-vence.com\/en\/wp-json\/wp\/v2\/users\/1"}],"replies":[{"embeddable":true,"href":"https:\/\/www.bastidedespins-vence.com\/en\/wp-json\/wp\/v2\/comments?post=495"}],"version-history":[{"count":28,"href":"https:\/\/www.bastidedespins-vence.com\/en\/wp-json\/wp\/v2\/pages\/495\/revisions"}],"predecessor-version":[{"id":1707,"href":"https:\/\/www.bastidedespins-vence.com\/en\/wp-json\/wp\/v2\/pages\/495\/revisions\/1707"}],"wp:attachment":[{"href":"https:\/\/www.bastidedespins-vence.com\/en\/wp-json\/wp\/v2\/media?parent=495"}],"curies":[{"name":"wp","href":"https:\/\/api.w.org\/{rel}","templated":true}]}}