{"id":1443,"date":"2019-02-18T12:13:49","date_gmt":"2019-02-18T11:13:49","guid":{"rendered":"https:\/\/www.bastidedespins-vence.com\/?page_id=1443"},"modified":"2019-02-18T12:21:18","modified_gmt":"2019-02-18T11:21:18","slug":"reglement-general-de-protection-des-donnees","status":"publish","type":"page","link":"https:\/\/www.bastidedespins-vence.com\/en\/reglement-general-de-protection-des-donnees\/","title":{"rendered":"R\u00e9glement g\u00e9n\u00e9ral de protection des donn\u00e9es"},"content":{"rendered":"<p><\/p>\n<h1>R\u00e8gles g\u00e9n\u00e9rales de protection de vos donn\u00e9es<\/h1>\n<h2>Qui sommes-nous ?<\/h2>\n<p>Nous sommes la Bastide des pins, chambres d\u2019h\u00f4tes situ\u00e9es \u00e0 Vence 06140 g\u00e9r\u00e9es par Mme Isabelle Perrin.<\/p>\n<p>L\u2019adresse de notre site Web est : https:\/\/www.bastidedespins-vence.com<\/p>\n<h2>Utilisation des donn\u00e9es personnelles collect\u00e9es<\/h2>\n<p><b>Commentaires<\/b><\/p>\n<p>Quand vous visitez notre site web, nous ne m\u00e9morisons pas vos donn\u00e9es de navigation telles que votre adresse IP ou l\u2019agent utilisateur de votre navigateur.<\/p>\n<p><b>Formulaires de contact<\/b><\/p>\n<p><b>Cookies<\/b><\/p>\n<p>Au cours de votre visite sur notre site, nous n\u2019implanterons pas de cookies. Aucune donn\u00e9e ne sera m\u00e9moris\u00e9e sur votre m\u00e9dia de navigation.<\/p>\n<p>Si vous utilisez notre formulaire de contact, nous n\u2019archiverons pas ces donn\u00e9es dans une base de donn\u00e9es et nous ne m\u00e9moriserons pas ces donn\u00e9es de fa\u00e7on num\u00e9rique. Cependant elles permettront de nous envoyer un mail qui nous fera part de votre demande de renseignements ou de r\u00e9servations.<\/p>\n<p>A cette fin, de fa\u00e7on \u00e0 bien cerner notre demande, nous vous demandons de remplir chacun des champs du formulaire.<\/p>\n<p>Pour faciliter votre s\u00e9jour, et si vous remplissez la case \u00ab num\u00e9ro de t\u00e9l\u00e9phone \u00bb de notre formulaire de contact, nous nous r\u00e9servons le droit de vous appeler.<\/p>\n<p>Quoi qu\u2019il en soit, votre adresse mail et les informations li\u00e9es ne seront, en aucun cas, exploit\u00e9es ou revendues \u00e0 qui que ce soit.<\/p>\n<p><b>Contenu embarqu\u00e9 depuis d\u2019autres sites<\/b><\/p>\n<p>Les page de ce site peuvent inclure des contenus int\u00e9gr\u00e9s (par exemple des vid\u00e9os, images, articles\u2026). Le contenu int\u00e9gr\u00e9 depuis d\u2019autres sites se comporte de la m\u00eame mani\u00e8re que si le visiteur se rendait sur cet autre site.<\/p>\n<p>Ces sites web pourraient collecter des donn\u00e9es sur vous, utiliser des cookies, embarquer des outils de suivis tiers, suivre vos interactions avec ces contenus embarqu\u00e9s dont nous ne pourrions \u00eatre tenus pour responsables.<\/p>\n<p><b>Statistiques et mesures d\u2019audience<\/b><\/p>\n<p>Nous n\u2019utilisons pas d\u2019outils statistiques pour mesurer les audiences de notre site. Aucune donn\u00e9e ne sera collect\u00e9 lors de votre navigation sur notre site internet.<\/p>\n<h2>Utilisation et transmission de vos donn\u00e9es personnelles<\/h2>\n<p><b>Dur\u00e9es de stockage de vos donn\u00e9es<\/b><\/p>\n<p>Les mails que nous recevrons via le formulaire de contact que vous aurez rempli sur notre site https:\/\/www.ledomainesaintjean.com ne seront conserv\u00e9s que le temps des \u00e9changes de mails n\u00e9cessaires \u00e0 la mise en place de votre r\u00e9servation chez nous . Ceci afin de d\u00e9finir au mieux ensemble les conditions de votre s\u00e9jour.<\/p>\n<p>Une fois votre d\u00e9part, votre nom et votre adresse mail ne seront plus exploit\u00e9s.<\/p>\n<p><b>Les droits que vous avez sur vos donn\u00e9es<\/b><\/p>\n<p>\u00c0 tout moment, par simple mail, vous pouvez nous demander de supprimer les informations de mail et de nom que nous avons conserv\u00e9 sur vous.<\/p>\n<p><b>Transmission de vos donn\u00e9es personnelles<\/b><\/p>\n<p>Nous ne diffuserons jamais vos donn\u00e9es \u00e0 quelque organisme que ce soit. Votre nom et votre mail resteront notre propri\u00e9t\u00e9 et seront supprim\u00e9s apr\u00e8s votre visite dans notre chambre d\u2019h\u00f4tes.<\/p>\n<p><b>Informations de contact<\/b><\/p>\n<p>En cas de besoin, afin de faciliter votre s\u00e9jour, nous nous r\u00e9servons le droit de vous envoyer un mail ou de vous t\u00e9l\u00e9phoner pour vous accueillir dans les meilleures conditions.<\/p>\n<h2>Informations suppl\u00e9mentaires<\/h2>\n<p><b>Proc\u00e9dures mises en \u0153uvre en cas de fuite de donn\u00e9es<\/b><\/p>\n<p>Votre adresse mail et votre num\u00e9ro de t\u00e9l\u00e9phone n\u2019\u00e9tant m\u00e9moris\u00e9 que sur notre logiciel de gestion de mails, seule une attaque virale sur notre ordinateur pourrait permettre de divulguer ces informations. Nous mettons au quotidien, les ressources d\u2019antivirus en notre possession pour vous \u00e9viter ce genre de d\u00e9sagr\u00e9ment.<\/p>\n<p><b>Polices Web Google<\/b><\/p>\n<p>Pour une repr\u00e9sentation uniforme des polices, cette page utilise des polices Web fournies par Google. Lorsque vous ouvrez une page, votre navigateur charge les polices Web requises dans le cache de votre navigateur pour afficher correctement les textes et les polices.<\/p>\n<p>Pour ce faire, votre navigateur doit \u00e9tablir une connexion directe avec les serveurs de Google. Google prend ainsi conscience que notre page Web a \u00e9t\u00e9 accessible via votre adresse IP. L&#8217;utilisation des fontes Google Web est faite dans l&#8217;int\u00e9r\u00eat d&#8217;une pr\u00e9sentation uniforme et attrayante de notre plugin.<\/p>\n<p>Si votre navigateur ne prend pas en charge les polices Web, une police standard est utilis\u00e9e par votre ordinateur.<\/p>\n<p>Pour plus d&#8217;informations sur le traitement des donn\u00e9es utilisateur, consultez la page https:\/\/developers.google.com\/fonts\/faq et les r\u00e8gles de confidentialit\u00e9 de Google \u00e0 l&#8217;adresse https:\/\/www.google.com\/policies\/privacy\/.<\/p>","protected":false},"excerpt":{"rendered":"<p>R\u00e8gles g\u00e9n\u00e9rales de protection de vos donn\u00e9es Qui sommes-nous ? Nous sommes la Bastide des pins, chambres d\u2019h\u00f4tes situ\u00e9es \u00e0 Vence 06140 g\u00e9r\u00e9es par Mme Isabelle Perrin. L\u2019adresse de notre site Web est : https:\/\/www.bastidedespins-vence.com Utilisation des donn\u00e9es personnelles collect\u00e9es Commentaires Quand vous visitez notre site web, nous ne m\u00e9morisons pas vos donn\u00e9es de navigation&hellip;<\/p>\n","protected":false},"author":1,"featured_media":0,"parent":0,"menu_order":0,"comment_status":"closed","ping_status":"closed","template":"","meta":{"footnotes":""},"class_list":["post-1443","page","type-page","status-publish","hentry","description-off"],"yoast_head":"<!-- This site is optimized with the Yoast SEO plugin v27.4 - https:\/\/yoast.com\/product\/yoast-seo-wordpress\/ -->\n<title>R\u00e9glement g\u00e9n\u00e9ral de protection des donn\u00e9es - La Bastide des Pins<\/title>\n<meta name=\"robots\" content=\"index, follow, max-snippet:-1, max-image-preview:large, max-video-preview:-1\" \/>\n<link rel=\"canonical\" href=\"https:\/\/www.bastidedespins-vence.com\/en\/reglement-general-de-protection-des-donnees\/\" \/>\n<meta property=\"og:locale\" content=\"en_US\" \/>\n<meta property=\"og:type\" content=\"article\" \/>\n<meta property=\"og:title\" content=\"R\u00e9glement g\u00e9n\u00e9ral de protection des donn\u00e9es - La Bastide des Pins\" \/>\n<meta property=\"og:description\" content=\"R\u00e8gles g\u00e9n\u00e9rales de protection de vos donn\u00e9es Qui sommes-nous ? Nous sommes la Bastide des pins, chambres d\u2019h\u00f4tes situ\u00e9es \u00e0 Vence 06140 g\u00e9r\u00e9es par Mme Isabelle Perrin. L\u2019adresse de notre site Web est : https:\/\/www.bastidedespins-vence.com Utilisation des donn\u00e9es personnelles collect\u00e9es Commentaires Quand vous visitez notre site web, nous ne m\u00e9morisons pas vos donn\u00e9es de navigation&hellip;\" \/>\n<meta property=\"og:url\" content=\"https:\/\/www.bastidedespins-vence.com\/en\/reglement-general-de-protection-des-donnees\/\" \/>\n<meta property=\"og:site_name\" content=\"La Bastide des Pins\" \/>\n<meta property=\"article:modified_time\" content=\"2019-02-18T11:21:18+00:00\" \/>\n<meta name=\"twitter:card\" content=\"summary_large_image\" \/>\n<meta name=\"twitter:label1\" content=\"Est. reading time\" \/>\n\t<meta name=\"twitter:data1\" content=\"8 minutes\" \/>\n<script type=\"application\/ld+json\" class=\"yoast-schema-graph\">{\"@context\":\"https:\\\/\\\/schema.org\",\"@graph\":[{\"@type\":\"WebPage\",\"@id\":\"https:\\\/\\\/www.bastidedespins-vence.com\\\/en\\\/reglement-general-de-protection-des-donnees\\\/\",\"url\":\"https:\\\/\\\/www.bastidedespins-vence.com\\\/en\\\/reglement-general-de-protection-des-donnees\\\/\",\"name\":\"R\u00e9glement g\u00e9n\u00e9ral de protection des donn\u00e9es - La Bastide des Pins\",\"isPartOf\":{\"@id\":\"https:\\\/\\\/www.bastidedespins-vence.com\\\/en\\\/#website\"},\"datePublished\":\"2019-02-18T11:13:49+00:00\",\"dateModified\":\"2019-02-18T11:21:18+00:00\",\"breadcrumb\":{\"@id\":\"https:\\\/\\\/www.bastidedespins-vence.com\\\/en\\\/reglement-general-de-protection-des-donnees\\\/#breadcrumb\"},\"inLanguage\":\"en-US\",\"potentialAction\":[{\"@type\":\"ReadAction\",\"target\":[[\"https:\\\/\\\/www.bastidedespins-vence.com\\\/en\\\/reglement-general-de-protection-des-donnees\\\/\"]]}]},{\"@type\":\"BreadcrumbList\",\"@id\":\"https:\\\/\\\/www.bastidedespins-vence.com\\\/en\\\/reglement-general-de-protection-des-donnees\\\/#breadcrumb\",\"itemListElement\":[{\"@type\":\"ListItem\",\"position\":1,\"name\":\"Accueil\",\"item\":\"https:\\\/\\\/www.bastidedespins-vence.com\\\/en\\\/\"},{\"@type\":\"ListItem\",\"position\":2,\"name\":\"R\u00e9glement g\u00e9n\u00e9ral de protection des donn\u00e9es\"}]},{\"@type\":\"WebSite\",\"@id\":\"https:\\\/\\\/www.bastidedespins-vence.com\\\/en\\\/#website\",\"url\":\"https:\\\/\\\/www.bastidedespins-vence.com\\\/en\\\/\",\"name\":\"La Bastide des Pins\",\"description\":\"G\u00eete &amp; Chambres d&#039;H\u00f4tes \u00e0 Vence sur la C\u00f4te d&#039;Azur\",\"potentialAction\":[{\"@type\":\"SearchAction\",\"target\":{\"@type\":\"EntryPoint\",\"urlTemplate\":\"https:\\\/\\\/www.bastidedespins-vence.com\\\/en\\\/?s={search_term_string}\"},\"query-input\":{\"@type\":\"PropertyValueSpecification\",\"valueRequired\":true,\"valueName\":\"search_term_string\"}}],\"inLanguage\":\"en-US\"}]}<\/script>\n<!-- \/ Yoast SEO plugin. -->","yoast_head_json":{"title":"R\u00e9glement g\u00e9n\u00e9ral de protection des donn\u00e9es - La Bastide des Pins","robots":{"index":"index","follow":"follow","max-snippet":"max-snippet:-1","max-image-preview":"max-image-preview:large","max-video-preview":"max-video-preview:-1"},"canonical":"https:\/\/www.bastidedespins-vence.com\/en\/reglement-general-de-protection-des-donnees\/","og_locale":"en_US","og_type":"article","og_title":"R\u00e9glement g\u00e9n\u00e9ral de protection des donn\u00e9es - La Bastide des Pins","og_description":"R\u00e8gles g\u00e9n\u00e9rales de protection de vos donn\u00e9es Qui sommes-nous ? Nous sommes la Bastide des pins, chambres d\u2019h\u00f4tes situ\u00e9es \u00e0 Vence 06140 g\u00e9r\u00e9es par Mme Isabelle Perrin. L\u2019adresse de notre site Web est : https:\/\/www.bastidedespins-vence.com Utilisation des donn\u00e9es personnelles collect\u00e9es Commentaires Quand vous visitez notre site web, nous ne m\u00e9morisons pas vos donn\u00e9es de navigation&hellip;","og_url":"https:\/\/www.bastidedespins-vence.com\/en\/reglement-general-de-protection-des-donnees\/","og_site_name":"La Bastide des Pins","article_modified_time":"2019-02-18T11:21:18+00:00","twitter_card":"summary_large_image","twitter_misc":{"Est. reading time":"8 minutes"},"schema":{"@context":"https:\/\/schema.org","@graph":[{"@type":"WebPage","@id":"https:\/\/www.bastidedespins-vence.com\/en\/reglement-general-de-protection-des-donnees\/","url":"https:\/\/www.bastidedespins-vence.com\/en\/reglement-general-de-protection-des-donnees\/","name":"R\u00e9glement g\u00e9n\u00e9ral de protection des donn\u00e9es - La Bastide des Pins","isPartOf":{"@id":"https:\/\/www.bastidedespins-vence.com\/en\/#website"},"datePublished":"2019-02-18T11:13:49+00:00","dateModified":"2019-02-18T11:21:18+00:00","breadcrumb":{"@id":"https:\/\/www.bastidedespins-vence.com\/en\/reglement-general-de-protection-des-donnees\/#breadcrumb"},"inLanguage":"en-US","potentialAction":[{"@type":"ReadAction","target":[["https:\/\/www.bastidedespins-vence.com\/en\/reglement-general-de-protection-des-donnees\/"]]}]},{"@type":"BreadcrumbList","@id":"https:\/\/www.bastidedespins-vence.com\/en\/reglement-general-de-protection-des-donnees\/#breadcrumb","itemListElement":[{"@type":"ListItem","position":1,"name":"Accueil","item":"https:\/\/www.bastidedespins-vence.com\/en\/"},{"@type":"ListItem","position":2,"name":"R\u00e9glement g\u00e9n\u00e9ral de protection des donn\u00e9es"}]},{"@type":"WebSite","@id":"https:\/\/www.bastidedespins-vence.com\/en\/#website","url":"https:\/\/www.bastidedespins-vence.com\/en\/","name":"La Bastide des Pins","description":"G\u00eete &amp; Chambres d&#039;H\u00f4tes \u00e0 Vence sur la C\u00f4te d&#039;Azur","potentialAction":[{"@type":"SearchAction","target":{"@type":"EntryPoint","urlTemplate":"https:\/\/www.bastidedespins-vence.com\/en\/?s={search_term_string}"},"query-input":{"@type":"PropertyValueSpecification","valueRequired":true,"valueName":"search_term_string"}}],"inLanguage":"en-US"}]}},"_links":{"self":[{"href":"https:\/\/www.bastidedespins-vence.com\/en\/wp-json\/wp\/v2\/pages\/1443","targetHints":{"allow":["GET"]}}],"collection":[{"href":"https:\/\/www.bastidedespins-vence.com\/en\/wp-json\/wp\/v2\/pages"}],"about":[{"href":"https:\/\/www.bastidedespins-vence.com\/en\/wp-json\/wp\/v2\/types\/page"}],"author":[{"embeddable":true,"href":"https:\/\/www.bastidedespins-vence.com\/en\/wp-json\/wp\/v2\/users\/1"}],"replies":[{"embeddable":true,"href":"https:\/\/www.bastidedespins-vence.com\/en\/wp-json\/wp\/v2\/comments?post=1443"}],"version-history":[{"count":2,"href":"https:\/\/www.bastidedespins-vence.com\/en\/wp-json\/wp\/v2\/pages\/1443\/revisions"}],"predecessor-version":[{"id":1446,"href":"https:\/\/www.bastidedespins-vence.com\/en\/wp-json\/wp\/v2\/pages\/1443\/revisions\/1446"}],"wp:attachment":[{"href":"https:\/\/www.bastidedespins-vence.com\/en\/wp-json\/wp\/v2\/media?parent=1443"}],"curies":[{"name":"wp","href":"https:\/\/api.w.org\/{rel}","templated":true}]}}