{"id":1175,"date":"2018-02-20T14:54:27","date_gmt":"2018-02-20T13:54:27","guid":{"rendered":"http:\/\/wp.syxago.fr\/bastidedespins-vence.com\/?page_id=1175"},"modified":"2026-04-27T14:29:19","modified_gmt":"2026-04-27T12:29:19","slug":"informations","status":"publish","type":"page","link":"https:\/\/www.bastidedespins-vence.com\/en\/informations\/","title":{"rendered":"Information"},"content":{"rendered":"<div class=\"wpb-content-wrapper\"><p>[vc_row type=&#8221;1&#8243; margin_top=&#8221;-50&#8243; padding_top=&#8221;50&#8243; bg_color=&#8221;#ffffff&#8221; el_id=&#8221;localisation&#8221; anchor=&#8221;#!\/localisation&#8221;][vc_column]<div id=\"ultimate-heading-407069f30fbba6ed8\" class=\"uvc-heading ult-adjust-bottom-margin ultimate-heading-407069f30fbba6ed8 uvc-132 \" data-hspacer=\"no_spacer\"  data-halign=\"left\" style=\"text-align:left\"><div class=\"uvc-heading-spacer no_spacer\" style=\"top\"><\/div><div class=\"uvc-main-heading ult-responsive\"  data-ultimate-target='.uvc-heading.ultimate-heading-407069f30fbba6ed8 h2'  data-responsive-json-new='{\"font-size\":\"desktop:60px;tablet:40px;tablet_portrait:40px;mobile_landscape:30px;mobile:30px;\",\"line-height\":\"desktop:60px;tablet:50px;tablet_portrait:45px;mobile_landscape:40px;mobile:35px;\"}' ><h2 style=\"font-family:&#039;Great Vibes&#039;;--font-weight:theme;color:#4c4c4c;margin-top:70px;margin-bottom:30px;\">Location<\/h2><\/div><\/div>[\/vc_column][\/vc_row][vc_row][vc_column][vc_column_text css=&#8221;.vc_custom_1549528468398{padding-bottom: 35px !important;}&#8221;]<iframe loading=\"lazy\" style=\"border: 0;\" src=\"https:\/\/www.google.com\/maps\/embed?pb=!1m14!1m8!1m3!1d369341.78074969124!2d6.937079990871775!3d43.67972811137821!3m2!1i1024!2i768!4f13.1!3m3!1m2!1s0x0%3A0xa5c03b61d44c2f56!2sLa+Bastide+des+Pins!5e0!3m2!1sen!2sen!4v1519134024133\" width=\"100%\" height=\"600\" frameborder=\"0\" allowfullscreen=\"allowfullscreen\"><\/iframe>[\/vc_column_text][\/vc_column][\/vc_row][vc_row][vc_column]<div id=\"ultimate-heading-587669f30fbba6f27\" class=\"uvc-heading ult-adjust-bottom-margin ultimate-heading-587669f30fbba6f27 uvc-8944 \" data-hspacer=\"no_spacer\"  data-halign=\"left\" style=\"text-align:left\"><div class=\"uvc-heading-spacer no_spacer\" style=\"top\"><\/div><div class=\"uvc-main-heading ult-responsive\"  data-ultimate-target='.uvc-heading.ultimate-heading-587669f30fbba6f27 h2'  data-responsive-json-new='{\"font-size\":\"desktop:28px;tablet:28px;tablet_portrait:28px;mobile_landscape:20px;mobile:20px;\",\"line-height\":\"desktop:35px;tablet:35px;tablet_portrait:35px;mobile_landscape:25px;mobile:25px;\"}' ><h2 style=\"font-family:&#039;Lato&#039;;--font-weight:theme;color:#4c4c4c;margin-bottom:30px;\">GPS<\/h2><\/div><\/div>[vc_row_inner][vc_column_inner width=&#8221;1\/2&#8243;][vc_column_text]<strong>in decimal degrees<\/strong><br \/>\nLatitude: 43.733396690697596<br \/>\nLongitude: 7.09017276763916[\/vc_column_text][\/vc_column_inner][vc_column_inner width=&#8221;1\/2&#8243;][vc_column_text]<strong>in degrees, minutes, seconds<\/strong><br \/>\nN: 43\u00b0 44&#8242; 0.228&#8221;<br \/>\nE: 7\u00b0 5&#8242; 24.621&#8221;[\/vc_column_text][\/vc_column_inner][\/vc_row_inner][vc_empty_space height=&#8221;40px&#8221;][\/vc_column][\/vc_row][vc_row][vc_column]<div id=\"ultimate-heading-61369f30fbba6f52\" class=\"uvc-heading ult-adjust-bottom-margin ultimate-heading-61369f30fbba6f52 uvc-4221 \" data-hspacer=\"no_spacer\"  data-halign=\"left\" style=\"text-align:left\"><div class=\"uvc-heading-spacer no_spacer\" style=\"top\"><\/div><div class=\"uvc-main-heading ult-responsive\"  data-ultimate-target='.uvc-heading.ultimate-heading-61369f30fbba6f52 h2'  data-responsive-json-new='{\"font-size\":\"desktop:28px;tablet:28px;tablet_portrait:28px;mobile_landscape:20px;mobile:20px;\",\"line-height\":\"desktop:35px;tablet:35px;tablet_portrait:35px;mobile_landscape:25px;mobile:25px;\"}' ><h2 style=\"font-family:&#039;Lato&#039;;--font-weight:theme;color:#4c4c4c;margin-bottom:30px;\">Directions<\/h2><\/div><\/div>[vc_row_inner][vc_column_inner width=&#8221;1\/2&#8243;][vc_column_text]<\/p>\n<ul>\n<li>Highway A8 exit 47 coming from Marseille, Aix en Provence, Cannes<\/li>\n<li>Highway A8 exit 48 coming from Nice airport.<\/li>\n<li>Follow the direction Vence D336, then Vence M36<\/li>\n<li>In Vence, follow the M2 towards Col de Vence.<\/li>\n<li>Pass the restaurant \u00ab le Brasier\u00a0\u00bb.<\/li>\n<\/ul>\n<p>[\/vc_column_text][\/vc_column_inner][vc_column_inner width=&#8221;1\/2&#8243;][vc_column_text]<\/p>\n<ul>\n<li>Drive up approximately 900 meters on avenue Henri Giraud.<\/li>\n<li>Turn left \u00ab chemin des Salles \u00bb and follow the blue signs \u00ab Bastide des Pin\u00bb.<\/li>\n<li>After a wood, take the entrance of a private road with a bump.<\/li>\n<li>The Bastide des Pins is located 120 meters after the entrance of the private road (right side).<\/li>\n<\/ul>\n<p>[\/vc_column_text][\/vc_column_inner][\/vc_row_inner][\/vc_column][\/vc_row][vc_row type=&#8221;1&#8243; padding_top=&#8221;50&#8243; bg_color=&#8221;#ededed&#8221; css=&#8221;.vc_custom_1547112580633{background-color: #ededed !important;}&#8221; anchor=&#8221;#!\/infos&#8221;][vc_column]<div id=\"ultimate-heading-836269f30fbba6f80\" class=\"uvc-heading ult-adjust-bottom-margin ultimate-heading-836269f30fbba6f80 uvc-1990 \" data-hspacer=\"no_spacer\"  data-halign=\"left\" style=\"text-align:left\"><div class=\"uvc-heading-spacer no_spacer\" style=\"top\"><\/div><div class=\"uvc-main-heading ult-responsive\"  data-ultimate-target='.uvc-heading.ultimate-heading-836269f30fbba6f80 h2'  data-responsive-json-new='{\"font-size\":\"desktop:60px;tablet:40px;tablet_portrait:40px;mobile_landscape:30px;mobile:30px;\",\"line-height\":\"desktop:60px;tablet:50px;tablet_portrait:50px;mobile_landscape:40px;mobile:40px;\"}' ><h2 style=\"font-family:&#039;Great Vibes&#039;;--font-weight:theme;color:#4c4c4c;margin-top:70px;margin-bottom:30px;\">Useful Information<\/h2><\/div><\/div>[\/vc_column][\/vc_row][vc_row type=&#8221;1&#8243; bg_color=&#8221;#ededed&#8221;][vc_column width=&#8221;1\/2&#8243;][vc_column_text css=&#8221;.vc_custom_1665661076331{padding-bottom: 35px !important;}&#8221;]<\/p>\n<h4>Bed and Breakfast<\/h4>\n<ul>\n<li>The rooms are non-smoking<\/li>\n<li>Parking available on the property, Wi-Fi<\/li>\n<li>For the sake of other guests and their own safety, children shall be under the responsibility of their parents<\/li>\n<li>Due to the risk of intolerance and allergies, pets are not allowed in the rooms<\/li>\n<li>Arrival from 4 pm until 7 pm (for a late arrival, please contact us) \/ Departure before 11 am<\/li>\n<li>We do not accept credit card payments.<\/li>\n<li>A summer kitchen is at the disposal of guests in the patio with refrigerator, hot plate and oven<\/li>\n<li>Complimentary coffee and tea<\/li>\n<\/ul>\n<p>[\/vc_column_text][\/vc_column][vc_column width=&#8221;1\/2&#8243;][vc_column_text css=&#8221;.vc_custom_1621522118717{padding-bottom: 35px !important;}&#8221;]<\/p>\n<h4>2 -room apartment<\/h4>\n<ul>\n<li>The cottage is non-smoking<\/li>\n<li>Dogs are accepted with prior agreement and with a supplement of \u20ac60.<\/li>\n<li>Included in the price: parking on the property, Wi-Fi, TV<\/li>\n<li>For the sake of other guests and their own safety, children shall be under the responsibility of their parents<\/li>\n<\/ul>\n<p>[\/vc_column_text][\/vc_column][\/vc_row][vc_row type=&#8221;1&#8243; bg_color=&#8221;#ededed&#8221;][vc_column][vc_column_text css=&#8221;.vc_custom_1621522654478{padding-bottom: 35px !important;}&#8221;]Our Bastide is not suited for children under the age of 12 and for persons with limited mobility due to stairs and\u00a0 terraced gardens.[\/vc_column_text][\/vc_column][\/vc_row][vc_row type=&#8221;1&#8243; padding_top=&#8221;50&#8243; bg_color=&#8221;#ffffff&#8221; css=&#8221;.vc_custom_1547112593915{background-color: #ffffff !important;}&#8221; anchor=&#8221;#!\/contact&#8221;][vc_column]<div id=\"ultimate-heading-508969f30fbba6fba\" class=\"uvc-heading ult-adjust-bottom-margin ultimate-heading-508969f30fbba6fba uvc-2563 \" data-hspacer=\"no_spacer\"  data-halign=\"left\" style=\"text-align:left\"><div class=\"uvc-heading-spacer no_spacer\" style=\"top\"><\/div><div class=\"uvc-main-heading ult-responsive\"  data-ultimate-target='.uvc-heading.ultimate-heading-508969f30fbba6fba h2'  data-responsive-json-new='{\"font-size\":\"desktop:60px;tablet:40px;tablet_portrait:40px;mobile_landscape:30px;mobile:30px;\",\"line-height\":\"desktop:60px;tablet:50px;tablet_portrait:50px;mobile_landscape:40px;mobile:40px;\"}' ><h2 style=\"font-family:&#039;Great Vibes&#039;;--font-weight:theme;color:#4c4c4c;margin-top:70px;margin-bottom:30px;\">Contact<\/h2><\/div><\/div>[\/vc_column][\/vc_row][vc_row type=&#8221;vc_default&#8221; content_placement=&#8221;top&#8221; css=&#8221;.vc_custom_1474233112687{padding-bottom: 45px !important;}&#8221;][vc_column offset=&#8221;vc_col-lg-4 vc_col-md-4&#8243;]<div class=\"aio-icon-component  vc_custom_1519919454977   style_1\"><div id=\"Info-box-wrap-8493\" class=\"aio-icon-box left-icon\" style=\"\"  ><div class=\"aio-icon-left\"><div class=\"ult-just-icon-wrapper  \"><div class=\"align-icon\" style=\"text-align:center;\">\n<div class=\"aio-icon none \"  style=\"color:#4a4a4a;font-size:20px;display:inline-block;\">\n\t<i class=\"Defaults-map-marker\"><\/i>\n<\/div><\/div><\/div><\/div><div class=\"aio-ibd-block\"><div class=\"aio-icon-header\" ><h3 class=\"aio-icon-title ult-responsive\"  data-ultimate-target='#Info-box-wrap-8493 .aio-icon-title'  data-responsive-json-new='{\"font-size\":\"desktop:16px;\",\"line-height\":\"desktop:26px;\"}'  style=\"font-family:&#039;Lato&#039;;font-weight:900;\">Adresse<\/h3><\/div> <!-- header --><div class=\"aio-icon-description ult-responsive\"  data-ultimate-target='#Info-box-wrap-8493 .aio-icon-description'  data-responsive-json-new='{\"font-size\":\"\",\"line-height\":\"\"}'  style=\"\">1521 chemin des Salles<br \/>\n06140 Vence<\/div> <!-- description --><\/div> <!-- aio-ibd-block --><\/div> <!-- aio-icon-box --><\/div> <!-- aio-icon-component -->[\/vc_column][vc_column offset=&#8221;vc_col-lg-4 vc_col-md-4&#8243;]<div class=\"aio-icon-component  vc_custom_1777292709871   style_1\"><div id=\"Info-box-wrap-4056\" class=\"aio-icon-box left-icon\" style=\"\"  ><div class=\"aio-icon-left\"><div class=\"ult-just-icon-wrapper  \"><div class=\"align-icon\" style=\"text-align:center;\">\n<div class=\"aio-icon none \"  style=\"color:#4a4a4a;font-size:20px;display:inline-block;\">\n\t<i class=\"Defaults-phone\"><\/i>\n<\/div><\/div><\/div><\/div><div class=\"aio-ibd-block\"><div class=\"aio-icon-header\" ><h3 class=\"aio-icon-title ult-responsive\"  data-ultimate-target='#Info-box-wrap-4056 .aio-icon-title'  data-responsive-json-new='{\"font-size\":\"desktop:16px;\",\"line-height\":\"desktop:26px;\"}'  style=\"font-family:&#039;Lato&#039;;font-weight:900;\">T\u00e9l\u00e9phone<\/h3><\/div> <!-- header --><div class=\"aio-icon-description ult-responsive\"  data-ultimate-target='#Info-box-wrap-4056 .aio-icon-description'  data-responsive-json-new='{\"font-size\":\"\",\"line-height\":\"\"}'  style=\"\"><a href=\"tel:+33493246838\">+33 4 93 24 68 38<\/a><\/div> <!-- description --><\/div> <!-- aio-ibd-block --><\/div> <!-- aio-icon-box --><\/div> <!-- aio-icon-component -->[\/vc_column][vc_column offset=&#8221;vc_col-lg-4 vc_col-md-4&#8243;]<div class=\"aio-icon-component  vc_custom_1549561578185   style_1\"><div id=\"Info-box-wrap-3324\" class=\"aio-icon-box left-icon\" style=\"\"  ><div class=\"aio-icon-left\"><div class=\"ult-just-icon-wrapper  \"><div class=\"align-icon\" style=\"text-align:center;\">\n<div class=\"aio-icon none \"  style=\"color:#4a4a4a;font-size:20px;display:inline-block;\">\n\t<i class=\"Defaults-envelope-o\"><\/i>\n<\/div><\/div><\/div><\/div><div class=\"aio-ibd-block\"><div class=\"aio-icon-header\" ><h3 class=\"aio-icon-title ult-responsive\"  data-ultimate-target='#Info-box-wrap-3324 .aio-icon-title'  data-responsive-json-new='{\"font-size\":\"desktop:16px;\",\"line-height\":\"desktop:26px;\"}'  style=\"font-family:&#039;Lato&#039;;font-weight:900;\">Email<\/h3><\/div> <!-- header --><div class=\"aio-icon-description ult-responsive\"  data-ultimate-target='#Info-box-wrap-3324 .aio-icon-description'  data-responsive-json-new='{\"font-size\":\"\",\"line-height\":\"\"}'  style=\"\"><a href=\"https:\/\/www.bastidedespins-vence.com\/reserver\/\">bastidedespins.vence@gmail.com<\/a><\/div> <!-- description --><\/div> <!-- aio-ibd-block --><\/div> <!-- aio-icon-box --><\/div> <!-- aio-icon-component -->[\/vc_column][\/vc_row][vc_row][vc_column width=&#8221;1\/4&#8243; css=&#8221;.vc_custom_1519134396222{padding-top: 0px !important;padding-right: 0px !important;padding-bottom: 0px !important;padding-left: 0px !important;}&#8221;][\/vc_column][vc_column width=&#8221;1\/2&#8243;][vc_column_text]<\/p>\n<h4 style=\"text-align: center;\">Book this room<\/h4>\n<p style=\"text-align: center;\">Get commission-free special rates by booking your holiday direct with us. Thanks to this direct contact we can respond to all your wishes and all your questions.<\/p>\n<p>[\/vc_column_text]\n<div class=\"wpcf7 no-js\" id=\"wpcf7-f1757-o2\" lang=\"fr-FR\" dir=\"ltr\" data-wpcf7-id=\"1757\">\n<div class=\"screen-reader-response\"><p role=\"status\" aria-live=\"polite\" aria-atomic=\"true\"><\/p> <ul><\/ul><\/div>\n<form action=\"\/en\/wp-json\/wp\/v2\/pages\/1175#wpcf7-f1757-o2\" method=\"post\" class=\"wpcf7-form init\" aria-label=\"Formulaire de contact\" novalidate=\"novalidate\" data-status=\"init\">\n<fieldset class=\"hidden-fields-container\"><input type=\"hidden\" name=\"_wpcf7\" value=\"1757\" \/><input type=\"hidden\" name=\"_wpcf7_version\" value=\"6.1.5\" \/><input type=\"hidden\" name=\"_wpcf7_locale\" value=\"fr_FR\" \/><input type=\"hidden\" name=\"_wpcf7_unit_tag\" value=\"wpcf7-f1757-o2\" \/><input type=\"hidden\" name=\"_wpcf7_container_post\" value=\"0\" \/><input type=\"hidden\" name=\"_wpcf7_posted_data_hash\" value=\"\" \/>\n<\/fieldset>\n<p><label><span class=\"wpcf7-form-control-wrap\" data-name=\"your-name\"><input size=\"40\" maxlength=\"400\" class=\"wpcf7-form-control wpcf7-text wpcf7-validates-as-required\" autocomplete=\"name\" aria-required=\"true\" aria-invalid=\"false\" placeholder=\"Name *\" value=\"\" type=\"text\" name=\"your-name\" \/><\/span> <\/label>\n<\/p>\n<p><label><span class=\"wpcf7-form-control-wrap\" data-name=\"your-email\"><input size=\"40\" maxlength=\"400\" class=\"wpcf7-form-control wpcf7-email wpcf7-validates-as-required wpcf7-text wpcf7-validates-as-email\" autocomplete=\"email\" aria-required=\"true\" aria-invalid=\"false\" placeholder=\"Email *\" value=\"\" type=\"email\" name=\"your-email\" \/><\/span> <\/label>\n<\/p>\n<p><label><span class=\"wpcf7-form-control-wrap\" data-name=\"tel-976\"><input size=\"40\" maxlength=\"400\" class=\"wpcf7-form-control wpcf7-tel wpcf7-text wpcf7-validates-as-tel\" aria-invalid=\"false\" placeholder=\"Phone\" value=\"\" type=\"tel\" name=\"tel-976\" \/><\/span> <\/label>\n<\/p>\n<p><label><span class=\"wpcf7-form-control-wrap\" data-name=\"your-message\"><textarea cols=\"40\" rows=\"10\" maxlength=\"2000\" class=\"wpcf7-form-control wpcf7-textarea wpcf7-validates-as-required\" aria-required=\"true\" aria-invalid=\"false\" placeholder=\"Type your message here *\" name=\"your-message\"><\/textarea><\/span> <\/label>\n<\/p>\n<p><span class=\"wpcf7-form-control-wrap\" data-name=\"acceptance-229\"><span class=\"wpcf7-form-control wpcf7-acceptance optional\"><span class=\"wpcf7-list-item\"><label><input type=\"checkbox\" name=\"acceptance-229\" value=\"1\" aria-invalid=\"false\" \/><span class=\"wpcf7-list-item-label\">By using this form, you accept the storage and processing of your data by our website.<\/span><\/label><\/span><\/span><\/span>\n<\/p>\n<div class=\"wpcf7-turnstile cf-turnstile\" data-sitekey=\"0x4AAAAAABBlAuK_OmzFp6HP\" data-response-field-name=\"_wpcf7_turnstile_response\"><\/div>\n<p><input class=\"wpcf7-form-control wpcf7-submit has-spinner\" type=\"submit\" value=\"Send\" \/>\n<\/p><div class=\"wpcf7-response-output\" aria-hidden=\"true\"><\/div>\n<\/form>\n<\/div>\n[\/vc_column][vc_column width=&#8221;1\/4&#8243;][\/vc_column][\/vc_row]<\/p>\n<\/div>","protected":false},"excerpt":{"rendered":"<p>[vc_row type=&#8221;1&#8243; margin_top=&#8221;-50&#8243; padding_top=&#8221;50&#8243; bg_color=&#8221;#ffffff&#8221; el_id=&#8221;localisation&#8221; anchor=&#8221;#!\/localisation&#8221;][vc_column][\/vc_column][\/vc_row][vc_row][vc_column][vc_column_text css=&#8221;.vc_custom_1549528468398{padding-bottom: 35px !important;}&#8221;][\/vc_column_text][\/vc_column][\/vc_row][vc_row][vc_column][vc_row_inner][vc_column_inner width=&#8221;1\/2&#8243;][vc_column_text]in decimal degrees Latitude: 43.733396690697596 Longitude: 7.09017276763916[\/vc_column_text][\/vc_column_inner][vc_column_inner width=&#8221;1\/2&#8243;][vc_column_text]in degrees, minutes, seconds N: 43\u00b0 44&#8242; 0.228&#8221; E: 7\u00b0 5&#8242; 24.621&#8221;[\/vc_column_text][\/vc_column_inner][\/vc_row_inner][vc_empty_space height=&#8221;40px&#8221;][\/vc_column][\/vc_row][vc_row][vc_column][vc_row_inner][vc_column_inner width=&#8221;1\/2&#8243;][vc_column_text] Highway A8 exit 47 coming from Marseille, Aix en Provence, Cannes Highway A8 exit 48 coming from Nice airport. Follow the direction Vence D336,&hellip;<\/p>\n","protected":false},"author":1,"featured_media":0,"parent":0,"menu_order":0,"comment_status":"closed","ping_status":"closed","template":"","meta":{"footnotes":""},"class_list":["post-1175","page","type-page","status-publish","hentry","description-off"],"yoast_head":"<!-- This site is optimized with the Yoast SEO plugin v27.5 - https:\/\/yoast.com\/product\/yoast-seo-wordpress\/ -->\n<title>Informations - La Bastide des Pins Chambres d&#039;h\u00f4tes &amp; G\u00eete Vence, C\u00f4te d&#039;Azur<\/title>\n<meta name=\"description\" content=\"Localisation, itin\u00e9raire, infos pratiques, coordonn\u00e9es et formulaire de contact de La Bastides des Pins, Chambres d&#039;h\u00f4tes &amp; G\u00eete \u00e0 Vence, C\u00f4te d&#039;Azur.\" \/>\n<meta name=\"robots\" content=\"index, follow, max-snippet:-1, max-image-preview:large, max-video-preview:-1\" \/>\n<link rel=\"canonical\" href=\"https:\/\/www.bastidedespins-vence.com\/en\/informations\/\" \/>\n<meta property=\"og:locale\" content=\"en_US\" \/>\n<meta property=\"og:type\" content=\"article\" \/>\n<meta property=\"og:title\" content=\"Informations - La Bastide des Pins Chambres d&#039;h\u00f4tes &amp; G\u00eete Vence, C\u00f4te d&#039;Azur\" \/>\n<meta property=\"og:description\" content=\"Localisation, itin\u00e9raire, infos pratiques, coordonn\u00e9es et formulaire de contact de La Bastides des Pins, Chambres d&#039;h\u00f4tes &amp; G\u00eete \u00e0 Vence, C\u00f4te d&#039;Azur.\" \/>\n<meta property=\"og:url\" content=\"https:\/\/www.bastidedespins-vence.com\/en\/informations\/\" \/>\n<meta property=\"og:site_name\" content=\"La Bastide des Pins\" \/>\n<meta property=\"article:modified_time\" content=\"2026-04-27T12:29:19+00:00\" \/>\n<meta name=\"twitter:card\" content=\"summary_large_image\" \/>\n<meta name=\"twitter:label1\" content=\"Est. reading time\" \/>\n\t<meta name=\"twitter:data1\" content=\"3 minutes\" \/>\n<script type=\"application\/ld+json\" class=\"yoast-schema-graph\">{\"@context\":\"https:\\\/\\\/schema.org\",\"@graph\":[{\"@type\":\"WebPage\",\"@id\":\"https:\\\/\\\/www.bastidedespins-vence.com\\\/en\\\/informations\\\/\",\"url\":\"https:\\\/\\\/www.bastidedespins-vence.com\\\/en\\\/informations\\\/\",\"name\":\"Informations - La Bastide des Pins Chambres d'h\u00f4tes & G\u00eete Vence, C\u00f4te d'Azur\",\"isPartOf\":{\"@id\":\"https:\\\/\\\/www.bastidedespins-vence.com\\\/en\\\/#website\"},\"datePublished\":\"2018-02-20T13:54:27+00:00\",\"dateModified\":\"2026-04-27T12:29:19+00:00\",\"description\":\"Localisation, itin\u00e9raire, infos pratiques, coordonn\u00e9es et formulaire de contact de La Bastides des Pins, Chambres d'h\u00f4tes & G\u00eete \u00e0 Vence, C\u00f4te d'Azur.\",\"breadcrumb\":{\"@id\":\"https:\\\/\\\/www.bastidedespins-vence.com\\\/en\\\/informations\\\/#breadcrumb\"},\"inLanguage\":\"en-US\",\"potentialAction\":[{\"@type\":\"ReadAction\",\"target\":[[\"https:\\\/\\\/www.bastidedespins-vence.com\\\/en\\\/informations\\\/\"]]}]},{\"@type\":\"BreadcrumbList\",\"@id\":\"https:\\\/\\\/www.bastidedespins-vence.com\\\/en\\\/informations\\\/#breadcrumb\",\"itemListElement\":[{\"@type\":\"ListItem\",\"position\":1,\"name\":\"Accueil\",\"item\":\"https:\\\/\\\/www.bastidedespins-vence.com\\\/en\\\/\"},{\"@type\":\"ListItem\",\"position\":2,\"name\":\"Informations\"}]},{\"@type\":\"WebSite\",\"@id\":\"https:\\\/\\\/www.bastidedespins-vence.com\\\/en\\\/#website\",\"url\":\"https:\\\/\\\/www.bastidedespins-vence.com\\\/en\\\/\",\"name\":\"La Bastide des Pins\",\"description\":\"G\u00eete &amp; Chambres d&#039;H\u00f4tes \u00e0 Vence sur la C\u00f4te d&#039;Azur\",\"potentialAction\":[{\"@type\":\"SearchAction\",\"target\":{\"@type\":\"EntryPoint\",\"urlTemplate\":\"https:\\\/\\\/www.bastidedespins-vence.com\\\/en\\\/?s={search_term_string}\"},\"query-input\":{\"@type\":\"PropertyValueSpecification\",\"valueRequired\":true,\"valueName\":\"search_term_string\"}}],\"inLanguage\":\"en-US\"}]}<\/script>\n<!-- \/ Yoast SEO plugin. -->","yoast_head_json":{"title":"Informations - La Bastide des Pins Chambres d'h\u00f4tes & G\u00eete Vence, C\u00f4te d'Azur","description":"Localisation, itin\u00e9raire, infos pratiques, coordonn\u00e9es et formulaire de contact de La Bastides des Pins, Chambres d'h\u00f4tes & G\u00eete \u00e0 Vence, C\u00f4te d'Azur.","robots":{"index":"index","follow":"follow","max-snippet":"max-snippet:-1","max-image-preview":"max-image-preview:large","max-video-preview":"max-video-preview:-1"},"canonical":"https:\/\/www.bastidedespins-vence.com\/en\/informations\/","og_locale":"en_US","og_type":"article","og_title":"Informations - La Bastide des Pins Chambres d'h\u00f4tes & G\u00eete Vence, C\u00f4te d'Azur","og_description":"Localisation, itin\u00e9raire, infos pratiques, coordonn\u00e9es et formulaire de contact de La Bastides des Pins, Chambres d'h\u00f4tes & G\u00eete \u00e0 Vence, C\u00f4te d'Azur.","og_url":"https:\/\/www.bastidedespins-vence.com\/en\/informations\/","og_site_name":"La Bastide des Pins","article_modified_time":"2026-04-27T12:29:19+00:00","twitter_card":"summary_large_image","twitter_misc":{"Est. reading time":"3 minutes"},"schema":{"@context":"https:\/\/schema.org","@graph":[{"@type":"WebPage","@id":"https:\/\/www.bastidedespins-vence.com\/en\/informations\/","url":"https:\/\/www.bastidedespins-vence.com\/en\/informations\/","name":"Informations - La Bastide des Pins Chambres d'h\u00f4tes & G\u00eete Vence, C\u00f4te d'Azur","isPartOf":{"@id":"https:\/\/www.bastidedespins-vence.com\/en\/#website"},"datePublished":"2018-02-20T13:54:27+00:00","dateModified":"2026-04-27T12:29:19+00:00","description":"Localisation, itin\u00e9raire, infos pratiques, coordonn\u00e9es et formulaire de contact de La Bastides des Pins, Chambres d'h\u00f4tes & G\u00eete \u00e0 Vence, C\u00f4te d'Azur.","breadcrumb":{"@id":"https:\/\/www.bastidedespins-vence.com\/en\/informations\/#breadcrumb"},"inLanguage":"en-US","potentialAction":[{"@type":"ReadAction","target":[["https:\/\/www.bastidedespins-vence.com\/en\/informations\/"]]}]},{"@type":"BreadcrumbList","@id":"https:\/\/www.bastidedespins-vence.com\/en\/informations\/#breadcrumb","itemListElement":[{"@type":"ListItem","position":1,"name":"Accueil","item":"https:\/\/www.bastidedespins-vence.com\/en\/"},{"@type":"ListItem","position":2,"name":"Informations"}]},{"@type":"WebSite","@id":"https:\/\/www.bastidedespins-vence.com\/en\/#website","url":"https:\/\/www.bastidedespins-vence.com\/en\/","name":"La Bastide des Pins","description":"G\u00eete &amp; Chambres d&#039;H\u00f4tes \u00e0 Vence sur la C\u00f4te d&#039;Azur","potentialAction":[{"@type":"SearchAction","target":{"@type":"EntryPoint","urlTemplate":"https:\/\/www.bastidedespins-vence.com\/en\/?s={search_term_string}"},"query-input":{"@type":"PropertyValueSpecification","valueRequired":true,"valueName":"search_term_string"}}],"inLanguage":"en-US"}]}},"_links":{"self":[{"href":"https:\/\/www.bastidedespins-vence.com\/en\/wp-json\/wp\/v2\/pages\/1175","targetHints":{"allow":["GET"]}}],"collection":[{"href":"https:\/\/www.bastidedespins-vence.com\/en\/wp-json\/wp\/v2\/pages"}],"about":[{"href":"https:\/\/www.bastidedespins-vence.com\/en\/wp-json\/wp\/v2\/types\/page"}],"author":[{"embeddable":true,"href":"https:\/\/www.bastidedespins-vence.com\/en\/wp-json\/wp\/v2\/users\/1"}],"replies":[{"embeddable":true,"href":"https:\/\/www.bastidedespins-vence.com\/en\/wp-json\/wp\/v2\/comments?post=1175"}],"version-history":[{"count":41,"href":"https:\/\/www.bastidedespins-vence.com\/en\/wp-json\/wp\/v2\/pages\/1175\/revisions"}],"predecessor-version":[{"id":1772,"href":"https:\/\/www.bastidedespins-vence.com\/en\/wp-json\/wp\/v2\/pages\/1175\/revisions\/1772"}],"wp:attachment":[{"href":"https:\/\/www.bastidedespins-vence.com\/en\/wp-json\/wp\/v2\/media?parent=1175"}],"curies":[{"name":"wp","href":"https:\/\/api.w.org\/{rel}","templated":true}]}}